{"id":3063,"date":"2024-01-23T16:31:17","date_gmt":"2024-01-23T16:31:17","guid":{"rendered":"https:\/\/www.stage.albagems.ch\/chi-siamo\/"},"modified":"2025-05-21T13:11:18","modified_gmt":"2025-05-21T13:11:18","slug":"chi-sono","status":"publish","type":"page","link":"https:\/\/www.stage.albagems.ch\/it\/chi-sono\/","title":{"rendered":"Chi sono"},"content":{"rendered":"\t\t<div data-elementor-type=\"wp-page\" data-elementor-id=\"3063\" class=\"elementor elementor-3063 elementor-694\" data-elementor-post-type=\"page\">\n\t\t\t\t<div class=\"elementor-element elementor-element-995fc5d e-flex e-con-boxed elementor-invisible e-con e-parent\" data-id=\"995fc5d\" data-element_type=\"container\" data-settings=\"{&quot;background_background&quot;:&quot;classic&quot;,&quot;background_motion_fx_motion_fx_scrolling&quot;:&quot;yes&quot;,&quot;background_motion_fx_scale_effect&quot;:&quot;yes&quot;,&quot;background_motion_fx_scale_speed&quot;:{&quot;unit&quot;:&quot;px&quot;,&quot;size&quot;:2,&quot;sizes&quot;:[]},&quot;shape_divider_top&quot;:&quot;arrow&quot;,&quot;animation&quot;:&quot;fadeInUp&quot;,&quot;background_motion_fx_scale_direction&quot;:&quot;out-in&quot;,&quot;background_motion_fx_scale_range&quot;:{&quot;unit&quot;:&quot;%&quot;,&quot;size&quot;:&quot;&quot;,&quot;sizes&quot;:{&quot;start&quot;:20,&quot;end&quot;:80}},&quot;background_motion_fx_devices&quot;:[&quot;desktop&quot;,&quot;tablet&quot;,&quot;mobile&quot;]}\">\n\t\t\t\t\t<div class=\"e-con-inner\">\n\t\t\t\t<div class=\"elementor-shape elementor-shape-top\" aria-hidden=\"true\" data-negative=\"false\">\n\t\t\t<svg xmlns=\"http:\/\/www.w3.org\/2000\/svg\" viewBox=\"0 0 700 10\" preserveAspectRatio=\"none\">\n\t<path class=\"elementor-shape-fill\" d=\"M350,10L340,0h20L350,10z\"\/>\n<\/svg>\t\t<\/div>\n\t\t<div class=\"elementor-element elementor-element-7cf3526 e-con-full e-flex e-con e-child\" data-id=\"7cf3526\" data-element_type=\"container\" data-settings=\"{&quot;background_background&quot;:&quot;classic&quot;}\">\n\t\t<div class=\"elementor-element elementor-element-b2812a1 e-con-full e-flex e-con e-child\" data-id=\"b2812a1\" data-element_type=\"container\">\n\t\t\t\t<div class=\"elementor-element elementor-element-1d0ac72 elementor-widget elementor-widget-image\" data-id=\"1d0ac72\" data-element_type=\"widget\" data-widget_type=\"image.default\">\n\t\t\t\t<div class=\"elementor-widget-container\">\n\t\t\t\t\t\t\t\t\t\t\t\t\t\t\t<img fetchpriority=\"high\" decoding=\"async\" width=\"768\" height=\"1024\" src=\"https:\/\/www.stage.albagems.ch\/wp-content\/uploads\/2025\/04\/barbara-francesca-albagems-768x1024.jpg\" class=\"attachment-large size-large wp-image-3282\" alt=\"\" srcset=\"https:\/\/www.stage.albagems.ch\/wp-content\/uploads\/2025\/04\/barbara-francesca-albagems-768x1024.jpg 768w, https:\/\/www.stage.albagems.ch\/wp-content\/uploads\/2025\/04\/barbara-francesca-albagems-225x300.jpg 225w, https:\/\/www.stage.albagems.ch\/wp-content\/uploads\/2025\/04\/barbara-francesca-albagems-1152x1536.jpg 1152w, https:\/\/www.stage.albagems.ch\/wp-content\/uploads\/2025\/04\/barbara-francesca-albagems-1536x2048.jpg 1536w, https:\/\/www.stage.albagems.ch\/wp-content\/uploads\/2025\/04\/barbara-francesca-albagems-600x800.jpg 600w, https:\/\/www.stage.albagems.ch\/wp-content\/uploads\/2025\/04\/barbara-francesca-albagems-scaled.jpg 1920w\" sizes=\"(max-width: 768px) 100vw, 768px\" \/>\t\t\t\t\t\t\t\t\t\t\t\t\t\t\t<\/div>\n\t\t\t\t<\/div>\n\t\t\t\t<\/div>\n\t\t<div class=\"elementor-element elementor-element-404346c e-con-full e-flex e-con e-child\" data-id=\"404346c\" data-element_type=\"container\">\n\t\t\t\t<div class=\"elementor-element elementor-element-12948c2 elementor-widget elementor-widget-heading\" data-id=\"12948c2\" data-element_type=\"widget\" data-widget_type=\"heading.default\">\n\t\t\t\t<div class=\"elementor-widget-container\">\n\t\t\t\t\t<h2 class=\"elementor-heading-title elementor-size-default\">Barbara Francesca<\/h2>\t\t\t\t<\/div>\n\t\t\t\t<\/div>\n\t\t\t\t<div class=\"elementor-element elementor-element-06807fa elementor-widget elementor-widget-text-editor\" data-id=\"06807fa\" data-element_type=\"widget\" data-widget_type=\"text-editor.default\">\n\t\t\t\t<div class=\"elementor-widget-container\">\n\t\t\t\t\t\t\t\t\t<p class=\"p1\">La mia passione per il cristallo \u00e8 iniziata presto. Ricordo che giocavo nei boschi dietro la mia casa d&#8217;infanzia e raccoglievo tutti i tipi di pietre a forma di cuore; \u00e8 cos\u00ec che \u00e8 iniziata la mia collezione di pietre e, dopo pi\u00f9 di trent&#8217;anni, ho ancora qualche cuore. <\/p><p class=\"p1\">Crescendo e viaggiando per il mondo, sono sempre stata affascinata dai cristalli e dalle gemme locali, apprezzando il colore straordinario degli opali australiani, il viola intenso delle ametiste brasiliane e la bellezza sgargiante delle gemme indiane, tra le tante.<\/p><p class=\"p1\">Nel 2021 decido di trasformare la mia passione per i cristalli in un&#8217;attivit\u00e0 commerciale. Creo Laksmi Crystal, un negozio online che vende cristalli e minerali di alta qualit\u00e0 e di provenienza etica da tutto il mondo. Volevo essere in grado di procurarmi le pietre da sola e condividerle con chi cercava un approccio curativo alternativo o semplicemente un bel gruppo per la propria casa. Da quando   <span class=\"Apple-converted-space\">  <\/span>Da allora, il mio fascino per i cristalli si \u00e8 trasformato in una carriera a tempo pieno e ora metto in contatto persone di tutto il mondo con questi potenti strumenti di guarigione.<\/p><p class=\"p1\">Il mondo dei cristalli e dei minerali \u00e8 diventato una parte cos\u00ec importante della mia vita che ho iniziato a sognare una linea di cosmetici a base di minerali per rendere l&#8217;energia dei cristalli un rituale quotidiano, proprio come Cleopatra che combinava le gemme nella sua routine di bellezza. \u00c8 stato solo grazie alla collaborazione con la mia insegnante di cristalloterapia, Caterina Grazzini, che ha creato gli espositori di ogni rituale Albagems, che il mio sogno di diffondere la cristalloterapia nelle spa ha iniziato a diventare realt\u00e0. <\/p><p class=\"p1\">Sfruttando l&#8217;energia della Terra, i cristalli portano equilibrio, armonia e un senso di pace. Per me sono un catalizzatore per vivere una vita pi\u00f9 sana e felice. Incoraggiano la consapevolezza e mi aiutano a sentirmi pi\u00f9 radicata e connessa alla natura. Che tu li utilizzi nella meditazione, nei rituali di benessere, nelle routine di bellezza o semplicemente li tenga in casa come decorazione, i cristalli ti forniranno una connessione diretta con te stesso e con ci\u00f2 che ti circonda.   <\/p>\t\t\t\t\t\t\t\t<\/div>\n\t\t\t\t<\/div>\n\t\t\t\t<\/div>\n\t\t\t\t<\/div>\n\t\t\t\t\t<\/div>\n\t\t\t\t<\/div>\n\t\t<div class=\"elementor-element elementor-element-6c779d8 e-flex e-con-boxed e-con e-parent\" data-id=\"6c779d8\" data-element_type=\"container\">\n\t\t\t\t\t<div class=\"e-con-inner\">\n\t\t\t\t<div class=\"elementor-element elementor-element-5794b26 elementor-widget elementor-widget-heading\" data-id=\"5794b26\" data-element_type=\"widget\" data-widget_type=\"heading.default\">\n\t\t\t\t<div class=\"elementor-widget-container\">\n\t\t\t\t\t<h2 class=\"elementor-heading-title elementor-size-default\">Collaborator<\/h2>\t\t\t\t<\/div>\n\t\t\t\t<\/div>\n\t\t\t\t\t<\/div>\n\t\t\t\t<\/div>\n\t\t<div class=\"elementor-element elementor-element-c770a45 e-flex e-con-boxed elementor-invisible e-con e-parent\" data-id=\"c770a45\" data-element_type=\"container\" data-settings=\"{&quot;background_background&quot;:&quot;classic&quot;,&quot;background_motion_fx_motion_fx_scrolling&quot;:&quot;yes&quot;,&quot;background_motion_fx_scale_effect&quot;:&quot;yes&quot;,&quot;background_motion_fx_scale_speed&quot;:{&quot;unit&quot;:&quot;px&quot;,&quot;size&quot;:2,&quot;sizes&quot;:[]},&quot;shape_divider_top&quot;:&quot;arrow&quot;,&quot;animation&quot;:&quot;fadeInUp&quot;,&quot;background_motion_fx_scale_direction&quot;:&quot;out-in&quot;,&quot;background_motion_fx_scale_range&quot;:{&quot;unit&quot;:&quot;%&quot;,&quot;size&quot;:&quot;&quot;,&quot;sizes&quot;:{&quot;start&quot;:20,&quot;end&quot;:80}},&quot;background_motion_fx_devices&quot;:[&quot;desktop&quot;,&quot;tablet&quot;,&quot;mobile&quot;]}\">\n\t\t\t\t\t<div class=\"e-con-inner\">\n\t\t\t\t<div class=\"elementor-shape elementor-shape-top\" aria-hidden=\"true\" data-negative=\"false\">\n\t\t\t<svg xmlns=\"http:\/\/www.w3.org\/2000\/svg\" viewBox=\"0 0 700 10\" preserveAspectRatio=\"none\">\n\t<path class=\"elementor-shape-fill\" d=\"M350,10L340,0h20L350,10z\"\/>\n<\/svg>\t\t<\/div>\n\t\t<div class=\"elementor-element elementor-element-7686921 e-con-full e-flex e-con e-child\" data-id=\"7686921\" data-element_type=\"container\" data-settings=\"{&quot;background_background&quot;:&quot;classic&quot;}\">\n\t\t<div class=\"elementor-element elementor-element-24d22d2 e-con-full e-flex e-con e-child\" data-id=\"24d22d2\" data-element_type=\"container\">\n\t\t\t\t<div class=\"elementor-element elementor-element-6169d26 elementor-widget elementor-widget-image\" data-id=\"6169d26\" data-element_type=\"widget\" data-widget_type=\"image.default\">\n\t\t\t\t<div class=\"elementor-widget-container\">\n\t\t\t\t\t\t\t\t\t\t\t\t\t\t\t<img decoding=\"async\" width=\"716\" height=\"1024\" src=\"https:\/\/www.stage.albagems.ch\/wp-content\/uploads\/2025\/05\/caterina-mouji-grazzini-716x1024.jpeg\" class=\"attachment-large size-large wp-image-3430\" alt=\"\" srcset=\"https:\/\/www.stage.albagems.ch\/wp-content\/uploads\/2025\/05\/caterina-mouji-grazzini-716x1024.jpeg 716w, https:\/\/www.stage.albagems.ch\/wp-content\/uploads\/2025\/05\/caterina-mouji-grazzini-210x300.jpeg 210w, https:\/\/www.stage.albagems.ch\/wp-content\/uploads\/2025\/05\/caterina-mouji-grazzini-768x1098.jpeg 768w, https:\/\/www.stage.albagems.ch\/wp-content\/uploads\/2025\/05\/caterina-mouji-grazzini-1074x1536.jpeg 1074w, https:\/\/www.stage.albagems.ch\/wp-content\/uploads\/2025\/05\/caterina-mouji-grazzini-600x858.jpeg 600w, https:\/\/www.stage.albagems.ch\/wp-content\/uploads\/2025\/05\/caterina-mouji-grazzini.jpeg 1145w\" sizes=\"(max-width: 716px) 100vw, 716px\" \/>\t\t\t\t\t\t\t\t\t\t\t\t\t\t\t<\/div>\n\t\t\t\t<\/div>\n\t\t\t\t<\/div>\n\t\t<div class=\"elementor-element elementor-element-6d25025 e-con-full e-flex e-con e-child\" data-id=\"6d25025\" data-element_type=\"container\">\n\t\t\t\t<div class=\"elementor-element elementor-element-b627ef7 elementor-widget elementor-widget-heading\" data-id=\"b627ef7\" data-element_type=\"widget\" data-widget_type=\"heading.default\">\n\t\t\t\t<div class=\"elementor-widget-container\">\n\t\t\t\t\t<h2 class=\"elementor-heading-title elementor-size-default\">Caterina Mouji Grazzini<\/h2>\t\t\t\t<\/div>\n\t\t\t\t<\/div>\n\t\t\t\t<div class=\"elementor-element elementor-element-1f94b98 elementor-widget elementor-widget-text-editor\" data-id=\"1f94b98\" data-element_type=\"widget\" data-widget_type=\"text-editor.default\">\n\t\t\t\t<div class=\"elementor-widget-container\">\n\t\t\t\t\t\t\t\t\t<p class=\"p1\">My love of books and writing led me to graduate in Literature and Philosophy. When I already had a doctorate within reach, I completely changed course and enrolled in Naturopathy, specialising in Phytotherapy. At the same time, my spiritual journey began with activation at the first level of Reiki. My desire to investigate energy movements has been a driving force, the source of many journeys and explorations.<\/p><p class=\"p1\">Fortunately, it has not yet died out and I hope it never will. I became a Reiki Master and Karuna Reiki; I studied Aura Soma for years; I graduated in Osho Prana Healing at the Olos Academy, after a journey of three long years; I studied Radionics and Radiesthesia; Subtle Body Healing, shamanism, numerology, metamorphics, EFT&#8230;.I could go on listing but it would make little sense. There has been a soundtrack that has accompanied this journey: the Crystals. From my first contact with the stones and quartz, a light went on in me. It was as if my eyes had been opened for the first time. I started looking around, trying to understand who these extraordinary and fascinating creatures really were. I set out in search of answers.<\/p><p class=\"p1\">I went to many Academies around the world, I learnt a lot about crystals. But not enough&#8230; I knew there was so much more, which was not being revealed. And even though I asked, no one would answer me.<\/p><p class=\"p1\">Working for four years with Devageet, who was Osho&#8217;s dentist for a lifetime, opened the way for me. I found the keys to the house, inside me. Devageet taught me how to connect, I started listening by moving away from a logical mind and opening my heart.<\/p><p class=\"p1\">What I teach about the Mineral Realm is the result of my personal communication with them, which happens daily and has lasted for twenty years.<\/p><p class=\"p1\">My life&#8217;s work up to this point is completed through Sound. Another extraordinary immersion. Not music. Sound. When I first encountered the Crystal Bells in 2004, I was listening, enraptured. It took me a long time to realise that we had met and chosen.<\/p><p class=\"p1\">In the centre of my mandala are Quartz Singing Bowl, Alchemical Bowls, Tibetan Bowls, Quartz and Stones, and a wonderful silence.<\/p><p class=\"p1\">All around, everything else dancing and moving.<\/p><p class=\"p1\">My personal research and studies continue every day; in fact, they are one and the same.<\/p><p class=\"p1\">By ethical choice, I only share with others through teaching what is most authentic and true to me and which floods me with love: that which lies at the heart of the mandala.<\/p><p class=\"p1\">That is, the ancient art of placing stones, in the School of Crystal Therapy, and the sound of the Crystal, in the Crystal Sound Academy.<\/p><p class=\"p1\">Mouji is the name Osho gave me in 2006. It means &#8216;joyful, living in tune with the heart&#8217;.<\/p><p class=\"p1\">&#8220;In tune&#8221; in English is a term used in the language of music. Considering that crystals and stones whisper eternal melodies, and that they also now live in many musical instruments, it seems significant to me.<\/p><p class=\"p1\">It still surprises me to see how, from the very beginning, everything was already so clear and simple.<\/p>\t\t\t\t\t\t\t\t<\/div>\n\t\t\t\t<\/div>\n\t\t\t\t<\/div>\n\t\t\t\t<\/div>\n\t\t\t\t\t<\/div>\n\t\t\t\t<\/div>\n\t\t\t\t<\/div>\n\t\t","protected":false},"excerpt":{"rendered":"<p>Barbara Francesca La mia passione per il cristallo \u00e8 iniziata presto. Ricordo che giocavo nei boschi dietro la mia casa d&#8217;infanzia e raccoglievo tutti i tipi di pietre a forma di cuore; \u00e8 cos\u00ec che \u00e8 iniziata la mia collezione di pietre e, dopo pi\u00f9 di trent&#8217;anni, ho ancora qualche cuore. Crescendo e viaggiando per [&hellip;]<\/p>\n","protected":false},"author":1,"featured_media":0,"parent":0,"menu_order":0,"comment_status":"closed","ping_status":"closed","template":"","meta":{"_acf_changed":false,"footnotes":""},"class_list":["post-3063","page","type-page","status-publish","hentry"],"acf":[],"yoast_head":"<!-- This site is optimized with the Yoast SEO plugin v25.1 - https:\/\/yoast.com\/wordpress\/plugins\/seo\/ -->\n<title>Chi sono - Albagems<\/title>\n<meta name=\"robots\" content=\"noindex, follow, max-snippet:-1, max-image-preview:large, max-video-preview:-1\" \/>\n<meta property=\"og:locale\" content=\"it_IT\" \/>\n<meta property=\"og:type\" content=\"article\" \/>\n<meta property=\"og:title\" content=\"Chi sono - Albagems\" \/>\n<meta property=\"og:description\" content=\"Barbara Francesca La mia passione per il cristallo \u00e8 iniziata presto. Ricordo che giocavo nei boschi dietro la mia casa d&#8217;infanzia e raccoglievo tutti i tipi di pietre a forma di cuore; \u00e8 cos\u00ec che \u00e8 iniziata la mia collezione di pietre e, dopo pi\u00f9 di trent&#8217;anni, ho ancora qualche cuore. Crescendo e viaggiando per [&hellip;]\" \/>\n<meta property=\"og:url\" content=\"https:\/\/www.stage.albagems.ch\/it\/chi-sono\/\" \/>\n<meta property=\"og:site_name\" content=\"Albagems\" \/>\n<meta property=\"article:modified_time\" content=\"2025-05-21T13:11:18+00:00\" \/>\n<meta property=\"og:image\" content=\"https:\/\/www.stage.albagems.ch\/wp-content\/uploads\/2025\/04\/barbara-francesca-albagems-scaled.jpg\" \/>\n\t<meta property=\"og:image:width\" content=\"1920\" \/>\n\t<meta property=\"og:image:height\" content=\"2560\" \/>\n\t<meta property=\"og:image:type\" content=\"image\/jpeg\" \/>\n<meta name=\"twitter:card\" content=\"summary_large_image\" \/>\n<meta name=\"twitter:label1\" content=\"Tempo di lettura stimato\" \/>\n\t<meta name=\"twitter:data1\" content=\"4 minuti\" \/>\n<script type=\"application\/ld+json\" class=\"yoast-schema-graph\">{\"@context\":\"https:\/\/schema.org\",\"@graph\":[{\"@type\":\"WebPage\",\"@id\":\"https:\/\/www.stage.albagems.ch\/it\/chi-sono\/\",\"url\":\"https:\/\/www.stage.albagems.ch\/it\/chi-sono\/\",\"name\":\"Chi sono - Albagems\",\"isPartOf\":{\"@id\":\"https:\/\/www.stage.albagems.ch\/it\/#website\"},\"primaryImageOfPage\":{\"@id\":\"https:\/\/www.stage.albagems.ch\/it\/chi-sono\/#primaryimage\"},\"image\":{\"@id\":\"https:\/\/www.stage.albagems.ch\/it\/chi-sono\/#primaryimage\"},\"thumbnailUrl\":\"https:\/\/www.stage.albagems.ch\/wp-content\/uploads\/2025\/04\/barbara-francesca-albagems-768x1024.jpg\",\"datePublished\":\"2024-01-23T16:31:17+00:00\",\"dateModified\":\"2025-05-21T13:11:18+00:00\",\"breadcrumb\":{\"@id\":\"https:\/\/www.stage.albagems.ch\/it\/chi-sono\/#breadcrumb\"},\"inLanguage\":\"it-IT\",\"potentialAction\":[{\"@type\":\"ReadAction\",\"target\":[\"https:\/\/www.stage.albagems.ch\/it\/chi-sono\/\"]}]},{\"@type\":\"ImageObject\",\"inLanguage\":\"it-IT\",\"@id\":\"https:\/\/www.stage.albagems.ch\/it\/chi-sono\/#primaryimage\",\"url\":\"https:\/\/www.stage.albagems.ch\/wp-content\/uploads\/2025\/04\/barbara-francesca-albagems-768x1024.jpg\",\"contentUrl\":\"https:\/\/www.stage.albagems.ch\/wp-content\/uploads\/2025\/04\/barbara-francesca-albagems-768x1024.jpg\"},{\"@type\":\"BreadcrumbList\",\"@id\":\"https:\/\/www.stage.albagems.ch\/it\/chi-sono\/#breadcrumb\",\"itemListElement\":[{\"@type\":\"ListItem\",\"position\":1,\"name\":\"Casa\",\"item\":\"https:\/\/www.stage.albagems.ch\/it\/\"},{\"@type\":\"ListItem\",\"position\":2,\"name\":\"Chi sono\"}]},{\"@type\":\"WebSite\",\"@id\":\"https:\/\/www.stage.albagems.ch\/it\/#website\",\"url\":\"https:\/\/www.stage.albagems.ch\/it\/\",\"name\":\"Albagems\",\"description\":\"\",\"publisher\":{\"@id\":\"https:\/\/www.stage.albagems.ch\/it\/#organization\"},\"potentialAction\":[{\"@type\":\"SearchAction\",\"target\":{\"@type\":\"EntryPoint\",\"urlTemplate\":\"https:\/\/www.stage.albagems.ch\/it\/?s={search_term_string}\"},\"query-input\":{\"@type\":\"PropertyValueSpecification\",\"valueRequired\":true,\"valueName\":\"search_term_string\"}}],\"inLanguage\":\"it-IT\"},{\"@type\":\"Organization\",\"@id\":\"https:\/\/www.stage.albagems.ch\/it\/#organization\",\"name\":\"Albagems\",\"url\":\"https:\/\/www.stage.albagems.ch\/it\/\",\"logo\":{\"@type\":\"ImageObject\",\"inLanguage\":\"it-IT\",\"@id\":\"https:\/\/www.stage.albagems.ch\/it\/#\/schema\/logo\/image\/\",\"url\":\"https:\/\/www.stage.albagems.ch\/wp-content\/uploads\/2023\/08\/logo-albagems-clear.png\",\"contentUrl\":\"https:\/\/www.stage.albagems.ch\/wp-content\/uploads\/2023\/08\/logo-albagems-clear.png\",\"width\":350,\"height\":136,\"caption\":\"Albagems\"},\"image\":{\"@id\":\"https:\/\/www.stage.albagems.ch\/it\/#\/schema\/logo\/image\/\"}}]}<\/script>\n<!-- \/ Yoast SEO plugin. -->","yoast_head_json":{"title":"Chi sono - Albagems","robots":{"index":"noindex","follow":"follow","max-snippet":"max-snippet:-1","max-image-preview":"max-image-preview:large","max-video-preview":"max-video-preview:-1"},"og_locale":"it_IT","og_type":"article","og_title":"Chi sono - Albagems","og_description":"Barbara Francesca La mia passione per il cristallo \u00e8 iniziata presto. Ricordo che giocavo nei boschi dietro la mia casa d&#8217;infanzia e raccoglievo tutti i tipi di pietre a forma di cuore; \u00e8 cos\u00ec che \u00e8 iniziata la mia collezione di pietre e, dopo pi\u00f9 di trent&#8217;anni, ho ancora qualche cuore. Crescendo e viaggiando per [&hellip;]","og_url":"https:\/\/www.stage.albagems.ch\/it\/chi-sono\/","og_site_name":"Albagems","article_modified_time":"2025-05-21T13:11:18+00:00","og_image":[{"width":1920,"height":2560,"url":"https:\/\/www.stage.albagems.ch\/wp-content\/uploads\/2025\/04\/barbara-francesca-albagems-scaled.jpg","type":"image\/jpeg"}],"twitter_card":"summary_large_image","twitter_misc":{"Tempo di lettura stimato":"4 minuti"},"schema":{"@context":"https:\/\/schema.org","@graph":[{"@type":"WebPage","@id":"https:\/\/www.stage.albagems.ch\/it\/chi-sono\/","url":"https:\/\/www.stage.albagems.ch\/it\/chi-sono\/","name":"Chi sono - Albagems","isPartOf":{"@id":"https:\/\/www.stage.albagems.ch\/it\/#website"},"primaryImageOfPage":{"@id":"https:\/\/www.stage.albagems.ch\/it\/chi-sono\/#primaryimage"},"image":{"@id":"https:\/\/www.stage.albagems.ch\/it\/chi-sono\/#primaryimage"},"thumbnailUrl":"https:\/\/www.stage.albagems.ch\/wp-content\/uploads\/2025\/04\/barbara-francesca-albagems-768x1024.jpg","datePublished":"2024-01-23T16:31:17+00:00","dateModified":"2025-05-21T13:11:18+00:00","breadcrumb":{"@id":"https:\/\/www.stage.albagems.ch\/it\/chi-sono\/#breadcrumb"},"inLanguage":"it-IT","potentialAction":[{"@type":"ReadAction","target":["https:\/\/www.stage.albagems.ch\/it\/chi-sono\/"]}]},{"@type":"ImageObject","inLanguage":"it-IT","@id":"https:\/\/www.stage.albagems.ch\/it\/chi-sono\/#primaryimage","url":"https:\/\/www.stage.albagems.ch\/wp-content\/uploads\/2025\/04\/barbara-francesca-albagems-768x1024.jpg","contentUrl":"https:\/\/www.stage.albagems.ch\/wp-content\/uploads\/2025\/04\/barbara-francesca-albagems-768x1024.jpg"},{"@type":"BreadcrumbList","@id":"https:\/\/www.stage.albagems.ch\/it\/chi-sono\/#breadcrumb","itemListElement":[{"@type":"ListItem","position":1,"name":"Casa","item":"https:\/\/www.stage.albagems.ch\/it\/"},{"@type":"ListItem","position":2,"name":"Chi sono"}]},{"@type":"WebSite","@id":"https:\/\/www.stage.albagems.ch\/it\/#website","url":"https:\/\/www.stage.albagems.ch\/it\/","name":"Albagems","description":"","publisher":{"@id":"https:\/\/www.stage.albagems.ch\/it\/#organization"},"potentialAction":[{"@type":"SearchAction","target":{"@type":"EntryPoint","urlTemplate":"https:\/\/www.stage.albagems.ch\/it\/?s={search_term_string}"},"query-input":{"@type":"PropertyValueSpecification","valueRequired":true,"valueName":"search_term_string"}}],"inLanguage":"it-IT"},{"@type":"Organization","@id":"https:\/\/www.stage.albagems.ch\/it\/#organization","name":"Albagems","url":"https:\/\/www.stage.albagems.ch\/it\/","logo":{"@type":"ImageObject","inLanguage":"it-IT","@id":"https:\/\/www.stage.albagems.ch\/it\/#\/schema\/logo\/image\/","url":"https:\/\/www.stage.albagems.ch\/wp-content\/uploads\/2023\/08\/logo-albagems-clear.png","contentUrl":"https:\/\/www.stage.albagems.ch\/wp-content\/uploads\/2023\/08\/logo-albagems-clear.png","width":350,"height":136,"caption":"Albagems"},"image":{"@id":"https:\/\/www.stage.albagems.ch\/it\/#\/schema\/logo\/image\/"}}]}},"jetpack_sharing_enabled":true,"_links":{"self":[{"href":"https:\/\/www.stage.albagems.ch\/it\/wp-json\/wp\/v2\/pages\/3063","targetHints":{"allow":["GET"]}}],"collection":[{"href":"https:\/\/www.stage.albagems.ch\/it\/wp-json\/wp\/v2\/pages"}],"about":[{"href":"https:\/\/www.stage.albagems.ch\/it\/wp-json\/wp\/v2\/types\/page"}],"author":[{"embeddable":true,"href":"https:\/\/www.stage.albagems.ch\/it\/wp-json\/wp\/v2\/users\/1"}],"replies":[{"embeddable":true,"href":"https:\/\/www.stage.albagems.ch\/it\/wp-json\/wp\/v2\/comments?post=3063"}],"version-history":[{"count":7,"href":"https:\/\/www.stage.albagems.ch\/it\/wp-json\/wp\/v2\/pages\/3063\/revisions"}],"predecessor-version":[{"id":3434,"href":"https:\/\/www.stage.albagems.ch\/it\/wp-json\/wp\/v2\/pages\/3063\/revisions\/3434"}],"wp:attachment":[{"href":"https:\/\/www.stage.albagems.ch\/it\/wp-json\/wp\/v2\/media?parent=3063"}],"curies":[{"name":"wp","href":"https:\/\/api.w.org\/{rel}","templated":true}]}}