{"id":3069,"date":"2023-12-06T10:23:32","date_gmt":"2023-12-06T10:23:32","guid":{"rendered":"https:\/\/www.stage.albagems.ch\/partner\/"},"modified":"2025-04-11T09:22:50","modified_gmt":"2025-04-11T09:22:50","slug":"partner","status":"publish","type":"page","link":"https:\/\/www.stage.albagems.ch\/it\/partner\/","title":{"rendered":"Partner"},"content":{"rendered":"\t\t<div data-elementor-type=\"wp-page\" data-elementor-id=\"3069\" class=\"elementor elementor-3069 elementor-408\" data-elementor-post-type=\"page\">\n\t\t\t\t<div class=\"elementor-element elementor-element-cc78afb e-flex e-con-boxed elementor-invisible e-con e-parent\" data-id=\"cc78afb\" data-element_type=\"container\" data-settings=\"{&quot;background_background&quot;:&quot;classic&quot;,&quot;background_motion_fx_motion_fx_scrolling&quot;:&quot;yes&quot;,&quot;background_motion_fx_scale_effect&quot;:&quot;yes&quot;,&quot;background_motion_fx_scale_speed&quot;:{&quot;unit&quot;:&quot;px&quot;,&quot;size&quot;:2,&quot;sizes&quot;:[]},&quot;shape_divider_top&quot;:&quot;arrow&quot;,&quot;animation&quot;:&quot;fadeInUp&quot;,&quot;background_motion_fx_scale_direction&quot;:&quot;out-in&quot;,&quot;background_motion_fx_scale_range&quot;:{&quot;unit&quot;:&quot;%&quot;,&quot;size&quot;:&quot;&quot;,&quot;sizes&quot;:{&quot;start&quot;:20,&quot;end&quot;:80}},&quot;background_motion_fx_devices&quot;:[&quot;desktop&quot;,&quot;tablet&quot;,&quot;mobile&quot;]}\">\n\t\t\t\t\t<div class=\"e-con-inner\">\n\t\t\t\t<div class=\"elementor-shape elementor-shape-top\" aria-hidden=\"true\" data-negative=\"false\">\n\t\t\t<svg xmlns=\"http:\/\/www.w3.org\/2000\/svg\" viewBox=\"0 0 700 10\" preserveAspectRatio=\"none\">\n\t<path class=\"elementor-shape-fill\" d=\"M350,10L340,0h20L350,10z\"\/>\n<\/svg>\t\t<\/div>\n\t\t<div class=\"elementor-element elementor-element-b9e4216 e-con-full e-flex e-con e-child\" data-id=\"b9e4216\" data-element_type=\"container\" data-settings=\"{&quot;background_background&quot;:&quot;classic&quot;}\">\n\t\t\t\t<div class=\"elementor-element elementor-element-d093c70 elementor-position-left elementor-vertical-align-middle elementor-widget elementor-widget-image-box\" data-id=\"d093c70\" data-element_type=\"widget\" data-widget_type=\"image-box.default\">\n\t\t\t\t<div class=\"elementor-widget-container\">\n\t\t\t\t\t<div class=\"elementor-image-box-wrapper\"><figure class=\"elementor-image-box-img\"><img fetchpriority=\"high\" decoding=\"async\" width=\"302\" height=\"302\" src=\"https:\/\/www.stage.albagems.ch\/wp-content\/uploads\/2023\/11\/marinella-negri.png\" class=\"attachment-full size-full wp-image-143\" alt=\"\" srcset=\"https:\/\/www.stage.albagems.ch\/wp-content\/uploads\/2023\/11\/marinella-negri.png 302w, https:\/\/www.stage.albagems.ch\/wp-content\/uploads\/2023\/11\/marinella-negri-100x100.png 100w, https:\/\/www.stage.albagems.ch\/wp-content\/uploads\/2023\/11\/marinella-negri-300x300.png 300w, https:\/\/www.stage.albagems.ch\/wp-content\/uploads\/2023\/11\/marinella-negri-150x150.png 150w\" sizes=\"(max-width: 302px) 100vw, 302px\" \/><\/figure><div class=\"elementor-image-box-content\"><h3 class=\"elementor-image-box-title\">Marinella Negri, Spa Manager del Kulm Hotel- St. Moritz  <\/h3><\/div><\/div>\t\t\t\t<\/div>\n\t\t\t\t<\/div>\n\t\t\t\t<div class=\"elementor-element elementor-element-c96cea1 elementor-widget elementor-widget-text-editor\" data-id=\"c96cea1\" data-element_type=\"widget\" data-widget_type=\"text-editor.default\">\n\t\t\t\t<div class=\"elementor-widget-container\">\n\t\t\t\t\t\t\t\t\t<p class=\"p1\">Ho iniziato il mio percorso nel mondo olistico circa 20 anni fa e, sebbene conoscessi i cristalli, sono sempre stata un po&#8217; scettica a causa della mancanza di informazioni e professionalit\u00e0 che spesso si incontra.<\/p><p class=\"p1\">Tuttavia, ho avuto la fortuna di conoscere Albagems, un&#8217;azienda che \u00e8 riuscita a coniugare il mondo dei cristalli con le esigenze del benessere moderno con grande cura e professionalit\u00e0.<\/p><p class=\"p1\">Da due anni ho introdotto i rituali Albagems nella nostra Spa Suite e questo ci ha permesso di offrire ai nostri ospiti un&#8217;esperienza unica e all&#8217;avanguardia.<\/p><p class=\"p1\">Ogni prodotto della linea \u00e8 attentamente studiato e formulato per garantire risultati straordinari. La cura nella selezione dei cristalli e degli ingredienti utilizzati si riflette nell&#8217;alta qualit\u00e0 e nell&#8217;efficacia dei prodotti stessi. Io e il mio team siamo entusiasti di utilizzare tutti i prodotti Albagems nella nostra Spa, perch\u00e9 ci permettono di offrire ai nostri ospiti un&#8217;esperienza di benessere indimenticabile e di ottenere risultati visibili e duraturi. Siamo grati di collaborare con Albagems, un&#8217;azienda che si distingue per la sua dedizione all&#8217;eccellenza e per la creazione di prodotti di altissima qualit\u00e0 nel campo della cristalloterapia e del benessere.   <\/p>\t\t\t\t\t\t\t\t<\/div>\n\t\t\t\t<\/div>\n\t\t\t\t<div class=\"elementor-element elementor-element-8646fde elementor-widget elementor-widget-button\" data-id=\"8646fde\" data-element_type=\"widget\" data-widget_type=\"button.default\">\n\t\t\t\t<div class=\"elementor-widget-container\">\n\t\t\t\t\t\t\t\t\t<div class=\"elementor-button-wrapper\">\n\t\t\t\t\t<a class=\"elementor-button elementor-button-link elementor-size-sm\" href=\"https:\/\/spa.kulm.com\/reservations\/template\/2298\/?\" target=\"_blank\">\n\t\t\t\t\t\t<span class=\"elementor-button-content-wrapper\">\n\t\t\t\t\t\t\t\t\t<span class=\"elementor-button-text\">Prenota un trattamento<\/span>\n\t\t\t\t\t<\/span>\n\t\t\t\t\t<\/a>\n\t\t\t\t<\/div>\n\t\t\t\t\t\t\t\t<\/div>\n\t\t\t\t<\/div>\n\t\t\t\t<div class=\"elementor-element elementor-element-026786f elementor-hidden-desktop elementor-hidden-tablet elementor-widget elementor-widget-image\" data-id=\"026786f\" data-element_type=\"widget\" data-widget_type=\"image.default\">\n\t\t\t\t<div class=\"elementor-widget-container\">\n\t\t\t\t\t\t\t\t\t\t\t\t\t\t\t<img decoding=\"async\" width=\"800\" height=\"534\" src=\"https:\/\/www.stage.albagems.ch\/wp-content\/uploads\/2023\/12\/kulm.hotel_.ph_-1024x683.jpg\" class=\"attachment-large size-large wp-image-2731\" alt=\"\" srcset=\"https:\/\/www.stage.albagems.ch\/wp-content\/uploads\/2023\/12\/kulm.hotel_.ph_-1024x683.jpg 1024w, https:\/\/www.stage.albagems.ch\/wp-content\/uploads\/2023\/12\/kulm.hotel_.ph_-300x200.jpg 300w, https:\/\/www.stage.albagems.ch\/wp-content\/uploads\/2023\/12\/kulm.hotel_.ph_-768x512.jpg 768w, https:\/\/www.stage.albagems.ch\/wp-content\/uploads\/2023\/12\/kulm.hotel_.ph_-1536x1024.jpg 1536w, https:\/\/www.stage.albagems.ch\/wp-content\/uploads\/2023\/12\/kulm.hotel_.ph_-600x400.jpg 600w, https:\/\/www.stage.albagems.ch\/wp-content\/uploads\/2023\/12\/kulm.hotel_.ph_.jpg 1620w\" sizes=\"(max-width: 800px) 100vw, 800px\" \/>\t\t\t\t\t\t\t\t\t\t\t\t\t\t\t<\/div>\n\t\t\t\t<\/div>\n\t\t\t\t<\/div>\n\t\t<div class=\"elementor-element elementor-element-0bdf06f e-con-full e-flex e-con e-child\" data-id=\"0bdf06f\" data-element_type=\"container\">\n\t\t\t\t<\/div>\n\t\t\t\t\t<\/div>\n\t\t\t\t<\/div>\n\t\t<div class=\"elementor-element elementor-element-8d4f848 e-flex e-con-boxed elementor-invisible e-con e-parent\" data-id=\"8d4f848\" data-element_type=\"container\" data-settings=\"{&quot;background_background&quot;:&quot;classic&quot;,&quot;background_motion_fx_motion_fx_scrolling&quot;:&quot;yes&quot;,&quot;background_motion_fx_scale_effect&quot;:&quot;yes&quot;,&quot;background_motion_fx_scale_speed&quot;:{&quot;unit&quot;:&quot;px&quot;,&quot;size&quot;:2,&quot;sizes&quot;:[]},&quot;animation&quot;:&quot;fadeInUp&quot;,&quot;background_motion_fx_scale_direction&quot;:&quot;out-in&quot;,&quot;background_motion_fx_scale_range&quot;:{&quot;unit&quot;:&quot;%&quot;,&quot;size&quot;:&quot;&quot;,&quot;sizes&quot;:{&quot;start&quot;:20,&quot;end&quot;:80}},&quot;background_motion_fx_devices&quot;:[&quot;desktop&quot;,&quot;tablet&quot;,&quot;mobile&quot;]}\">\n\t\t\t\t\t<div class=\"e-con-inner\">\n\t\t<div class=\"elementor-element elementor-element-a9a346b e-con-full e-flex e-con e-child\" data-id=\"a9a346b\" data-element_type=\"container\" data-settings=\"{&quot;background_background&quot;:&quot;classic&quot;}\">\n\t\t\t\t<div class=\"elementor-element elementor-element-a8cac31 elementor-position-left elementor-vertical-align-middle elementor-widget elementor-widget-image-box\" data-id=\"a8cac31\" data-element_type=\"widget\" data-widget_type=\"image-box.default\">\n\t\t\t\t<div class=\"elementor-widget-container\">\n\t\t\t\t\t<div class=\"elementor-image-box-wrapper\"><figure class=\"elementor-image-box-img\"><img decoding=\"async\" width=\"302\" height=\"302\" src=\"https:\/\/www.stage.albagems.ch\/wp-content\/uploads\/2023\/11\/miriana-lussana.png\" class=\"attachment-full size-full wp-image-144\" alt=\"\" srcset=\"https:\/\/www.stage.albagems.ch\/wp-content\/uploads\/2023\/11\/miriana-lussana.png 302w, https:\/\/www.stage.albagems.ch\/wp-content\/uploads\/2023\/11\/miriana-lussana-100x100.png 100w, https:\/\/www.stage.albagems.ch\/wp-content\/uploads\/2023\/11\/miriana-lussana-300x300.png 300w, https:\/\/www.stage.albagems.ch\/wp-content\/uploads\/2023\/11\/miriana-lussana-150x150.png 150w\" sizes=\"(max-width: 302px) 100vw, 302px\" \/><\/figure><div class=\"elementor-image-box-content\"><h3 class=\"elementor-image-box-title\">Miriana Lussana, Proprietaria del Salone Miriana Vivi in Bellezza - CH<\/h3><\/div><\/div>\t\t\t\t<\/div>\n\t\t\t\t<\/div>\n\t\t\t\t<div class=\"elementor-element elementor-element-2105264 elementor-widget elementor-widget-text-editor\" data-id=\"2105264\" data-element_type=\"widget\" data-widget_type=\"text-editor.default\">\n\t\t\t\t<div class=\"elementor-widget-container\">\n\t\t\t\t\t\t\t\t\t<p class=\"p1\">Sono felice di condividere la mia esperienza con Albagems e l&#8217;inserimento dei suoi trattamenti nel nostro salone.<\/p><p class=\"p1\">Barbara, la fondatrice di Albagems, ci ha fornito preziose conoscenze e tecniche che abbiamo adottato con entusiasmo.<\/p><p class=\"p1\">Abbiamo introdotto il massaggio facciale con pietre e Gua Sha nella nostra hair spa e i risultati sono stati sorprendenti. Oltre al massaggio alla testa, abbiamo combinato il Gua Sha con il massaggio al viso, offrendo ai nostri clienti un&#8217;esperienza di relax e benessere totale. <\/p><p class=\"p1\">Siamo grati ad Albagems per averci fornito strumenti e tecniche cos\u00ec interessanti ed efficaci. L&#8217;uso delle pietre e del Gua Sha ci ha permesso di arricchire i nostri servizi e di offrire ai nostri clienti un trattamento completo e rigenerante. <\/p><p class=\"p1\">Barbara e il suo team ci hanno fornito un supporto costante e siamo entusiasti di continuare questa collaborazione. Grazie ad Albagems, siamo in grado di offrire ai nostri clienti un&#8217;esperienza unica e rilassante nel nostro salone di bellezza. <\/p>\t\t\t\t\t\t\t\t<\/div>\n\t\t\t\t<\/div>\n\t\t\t\t<div class=\"elementor-element elementor-element-5376ff5 elementor-widget elementor-widget-button\" data-id=\"5376ff5\" data-element_type=\"widget\" data-widget_type=\"button.default\">\n\t\t\t\t<div class=\"elementor-widget-container\">\n\t\t\t\t\t\t\t\t\t<div class=\"elementor-button-wrapper\">\n\t\t\t\t\t<a class=\"elementor-button elementor-button-link elementor-size-sm\" href=\"https:\/\/miriana.ch\/servizi\/\" target=\"_blank\">\n\t\t\t\t\t\t<span class=\"elementor-button-content-wrapper\">\n\t\t\t\t\t\t\t\t\t<span class=\"elementor-button-text\">Scopri di pi\u00f9<\/span>\n\t\t\t\t\t<\/span>\n\t\t\t\t\t<\/a>\n\t\t\t\t<\/div>\n\t\t\t\t\t\t\t\t<\/div>\n\t\t\t\t<\/div>\n\t\t\t\t<\/div>\n\t\t<div class=\"elementor-element elementor-element-4598216 e-con-full e-flex e-con e-child\" data-id=\"4598216\" data-element_type=\"container\">\n\t\t\t\t<\/div>\n\t\t\t\t\t<\/div>\n\t\t\t\t<\/div>\n\t\t<div class=\"elementor-element elementor-element-3f340c3 e-flex e-con-boxed elementor-invisible e-con e-parent\" data-id=\"3f340c3\" data-element_type=\"container\" data-settings=\"{&quot;background_background&quot;:&quot;classic&quot;,&quot;background_motion_fx_motion_fx_scrolling&quot;:&quot;yes&quot;,&quot;background_motion_fx_scale_effect&quot;:&quot;yes&quot;,&quot;background_motion_fx_scale_speed&quot;:{&quot;unit&quot;:&quot;px&quot;,&quot;size&quot;:2,&quot;sizes&quot;:[]},&quot;animation&quot;:&quot;fadeInUp&quot;,&quot;background_motion_fx_scale_direction&quot;:&quot;out-in&quot;,&quot;background_motion_fx_scale_range&quot;:{&quot;unit&quot;:&quot;%&quot;,&quot;size&quot;:&quot;&quot;,&quot;sizes&quot;:{&quot;start&quot;:20,&quot;end&quot;:80}},&quot;background_motion_fx_devices&quot;:[&quot;desktop&quot;,&quot;tablet&quot;,&quot;mobile&quot;]}\">\n\t\t\t\t\t<div class=\"e-con-inner\">\n\t\t<div class=\"elementor-element elementor-element-caa15fc e-con-full e-flex e-con e-child\" data-id=\"caa15fc\" data-element_type=\"container\" data-settings=\"{&quot;background_background&quot;:&quot;classic&quot;}\">\n\t\t\t\t<div class=\"elementor-element elementor-element-ec6a703 elementor-position-left elementor-vertical-align-middle elementor-widget elementor-widget-image-box\" data-id=\"ec6a703\" data-element_type=\"widget\" data-widget_type=\"image-box.default\">\n\t\t\t\t<div class=\"elementor-widget-container\">\n\t\t\t\t\t<div class=\"elementor-image-box-wrapper\"><figure class=\"elementor-image-box-img\"><img loading=\"lazy\" decoding=\"async\" width=\"302\" height=\"302\" src=\"https:\/\/www.stage.albagems.ch\/wp-content\/uploads\/2023\/11\/laura-dellacasa.png\" class=\"attachment-full size-full wp-image-142\" alt=\"\" srcset=\"https:\/\/www.stage.albagems.ch\/wp-content\/uploads\/2023\/11\/laura-dellacasa.png 302w, https:\/\/www.stage.albagems.ch\/wp-content\/uploads\/2023\/11\/laura-dellacasa-100x100.png 100w, https:\/\/www.stage.albagems.ch\/wp-content\/uploads\/2023\/11\/laura-dellacasa-300x300.png 300w, https:\/\/www.stage.albagems.ch\/wp-content\/uploads\/2023\/11\/laura-dellacasa-150x150.png 150w\" sizes=\"(max-width: 302px) 100vw, 302px\" \/><\/figure><div class=\"elementor-image-box-content\"><h3 class=\"elementor-image-box-title\">Laura Dellacasa, Spa Manager de Il Salviatino - Firenze  <\/h3><\/div><\/div>\t\t\t\t<\/div>\n\t\t\t\t<\/div>\n\t\t\t\t<div class=\"elementor-element elementor-element-f84825b elementor-widget elementor-widget-text-editor\" data-id=\"f84825b\" data-element_type=\"widget\" data-widget_type=\"text-editor.default\">\n\t\t\t\t<div class=\"elementor-widget-container\">\n\t\t\t\t\t\t\t\t\t<p class=\"p1\">Ho avuto la fortuna di scoprire Albagems qualche anno fa attraverso l&#8217;azienda per cui lavoro e da allora la mia esperienza con i loro prodotti e protocolli di trattamento \u00e8 stata straordinaria. Sono rimasta colpita dall&#8217;entusiasmo e dalla professionalit\u00e0 di Barbara, la fondatrice di Albagems, che si riflette completamente nei loro prodotti di altissima qualit\u00e0. Le pietre e i cristalli selezionati sono eccezionali e ogni protocollo di trattamento \u00e8 studiato nei minimi dettagli per offrire risultati straordinari.  <\/p><p class=\"p1\">I prodotti Albagems sono ricchi di principi attivi ricercati e formule innovative, che li rendono all&#8217;avanguardia e unici. Le loro texture e fragranze sono favolose e possono essere apprezzate appieno solo provandole. <\/p><p class=\"p1\">I protocolli di trattamento sviluppati da Barbara dimostrano la sua profonda conoscenza del settore e sono mirati e distintivi, ottenendo un ottimo feedback da parte mia e dei nostri clienti. Albagems, con il suo mondo di cristalli, estetica e professionalit\u00e0, \u00e8 stata per me una scoperta eccezionale e continuer\u00e0 sicuramente a essere parte integrante della nostra Spa. Sono grato di lavorare con un&#8217;azienda che sostiene valori cos\u00ec elevati e offre prodotti e protocolli di trattamento di qualit\u00e0 superiore.  <\/p>\t\t\t\t\t\t\t\t<\/div>\n\t\t\t\t<\/div>\n\t\t\t\t<div class=\"elementor-element elementor-element-4408d09 elementor-hidden-desktop elementor-hidden-tablet elementor-widget elementor-widget-image\" data-id=\"4408d09\" data-element_type=\"widget\" data-widget_type=\"image.default\">\n\t\t\t\t<div class=\"elementor-widget-container\">\n\t\t\t\t\t\t\t\t\t\t\t\t\t\t\t<img loading=\"lazy\" decoding=\"async\" width=\"800\" height=\"538\" src=\"https:\/\/www.stage.albagems.ch\/wp-content\/uploads\/2023\/12\/Il-salviatino-1024x688.jpeg\" class=\"attachment-large size-large wp-image-2732\" alt=\"\" srcset=\"https:\/\/www.stage.albagems.ch\/wp-content\/uploads\/2023\/12\/Il-salviatino-1024x688.jpeg 1024w, https:\/\/www.stage.albagems.ch\/wp-content\/uploads\/2023\/12\/Il-salviatino-300x202.jpeg 300w, https:\/\/www.stage.albagems.ch\/wp-content\/uploads\/2023\/12\/Il-salviatino-768x516.jpeg 768w, https:\/\/www.stage.albagems.ch\/wp-content\/uploads\/2023\/12\/Il-salviatino-1536x1032.jpeg 1536w, https:\/\/www.stage.albagems.ch\/wp-content\/uploads\/2023\/12\/Il-salviatino-600x403.jpeg 600w, https:\/\/www.stage.albagems.ch\/wp-content\/uploads\/2023\/12\/Il-salviatino.jpeg 1548w\" sizes=\"(max-width: 800px) 100vw, 800px\" \/>\t\t\t\t\t\t\t\t\t\t\t\t\t\t\t<\/div>\n\t\t\t\t<\/div>\n\t\t\t\t<\/div>\n\t\t<div class=\"elementor-element elementor-element-bb1a97e e-con-full e-flex e-con e-child\" data-id=\"bb1a97e\" data-element_type=\"container\">\n\t\t\t\t<\/div>\n\t\t\t\t\t<\/div>\n\t\t\t\t<\/div>\n\t\t\t\t<\/div>\n\t\t","protected":false},"excerpt":{"rendered":"<p>Scopri il lusso abbracciato dai nostri partner termali e alberghieri, che scelgono i prodotti Albagems per un&#8217;esperienza squisita e rigenerante.<\/p>\n","protected":false},"author":1,"featured_media":0,"parent":0,"menu_order":0,"comment_status":"closed","ping_status":"closed","template":"","meta":{"_acf_changed":false,"footnotes":""},"class_list":["post-3069","page","type-page","status-publish","hentry"],"acf":[],"yoast_head":"<!-- This site is optimized with the Yoast SEO plugin v25.1 - https:\/\/yoast.com\/wordpress\/plugins\/seo\/ -->\n<title>Partner - Albagems<\/title>\n<meta name=\"robots\" content=\"noindex, follow, max-snippet:-1, max-image-preview:large, max-video-preview:-1\" \/>\n<meta property=\"og:locale\" content=\"it_IT\" \/>\n<meta property=\"og:type\" content=\"article\" \/>\n<meta property=\"og:title\" content=\"Partner - Albagems\" \/>\n<meta property=\"og:description\" content=\"Scopri il lusso abbracciato dai nostri partner termali e alberghieri, che scelgono i prodotti Albagems per un&#039;esperienza squisita e rigenerante.\" \/>\n<meta property=\"og:url\" content=\"https:\/\/www.stage.albagems.ch\/it\/partner\/\" \/>\n<meta property=\"og:site_name\" content=\"Albagems\" \/>\n<meta property=\"article:modified_time\" content=\"2025-04-11T09:22:50+00:00\" \/>\n<meta property=\"og:image\" content=\"https:\/\/www.stage.albagems.ch\/wp-content\/uploads\/2023\/11\/marinella-negri.png\" \/>\n\t<meta property=\"og:image:width\" content=\"302\" \/>\n\t<meta property=\"og:image:height\" content=\"302\" \/>\n\t<meta property=\"og:image:type\" content=\"image\/png\" \/>\n<meta name=\"twitter:card\" content=\"summary_large_image\" \/>\n<meta name=\"twitter:label1\" content=\"Tempo di lettura stimato\" \/>\n\t<meta name=\"twitter:data1\" content=\"3 minuti\" \/>\n<script type=\"application\/ld+json\" class=\"yoast-schema-graph\">{\"@context\":\"https:\/\/schema.org\",\"@graph\":[{\"@type\":\"WebPage\",\"@id\":\"https:\/\/www.stage.albagems.ch\/it\/partner\/\",\"url\":\"https:\/\/www.stage.albagems.ch\/it\/partner\/\",\"name\":\"Partner - Albagems\",\"isPartOf\":{\"@id\":\"https:\/\/www.stage.albagems.ch\/it\/#website\"},\"primaryImageOfPage\":{\"@id\":\"https:\/\/www.stage.albagems.ch\/it\/partner\/#primaryimage\"},\"image\":{\"@id\":\"https:\/\/www.stage.albagems.ch\/it\/partner\/#primaryimage\"},\"thumbnailUrl\":\"https:\/\/www.stage.albagems.ch\/wp-content\/uploads\/2023\/11\/marinella-negri.png\",\"datePublished\":\"2023-12-06T10:23:32+00:00\",\"dateModified\":\"2025-04-11T09:22:50+00:00\",\"breadcrumb\":{\"@id\":\"https:\/\/www.stage.albagems.ch\/it\/partner\/#breadcrumb\"},\"inLanguage\":\"it-IT\",\"potentialAction\":[{\"@type\":\"ReadAction\",\"target\":[\"https:\/\/www.stage.albagems.ch\/it\/partner\/\"]}]},{\"@type\":\"ImageObject\",\"inLanguage\":\"it-IT\",\"@id\":\"https:\/\/www.stage.albagems.ch\/it\/partner\/#primaryimage\",\"url\":\"https:\/\/www.stage.albagems.ch\/wp-content\/uploads\/2023\/11\/marinella-negri.png\",\"contentUrl\":\"https:\/\/www.stage.albagems.ch\/wp-content\/uploads\/2023\/11\/marinella-negri.png\"},{\"@type\":\"BreadcrumbList\",\"@id\":\"https:\/\/www.stage.albagems.ch\/it\/partner\/#breadcrumb\",\"itemListElement\":[{\"@type\":\"ListItem\",\"position\":1,\"name\":\"Casa\",\"item\":\"https:\/\/www.stage.albagems.ch\/it\/\"},{\"@type\":\"ListItem\",\"position\":2,\"name\":\"Partner\"}]},{\"@type\":\"WebSite\",\"@id\":\"https:\/\/www.stage.albagems.ch\/it\/#website\",\"url\":\"https:\/\/www.stage.albagems.ch\/it\/\",\"name\":\"Albagems\",\"description\":\"\",\"publisher\":{\"@id\":\"https:\/\/www.stage.albagems.ch\/it\/#organization\"},\"potentialAction\":[{\"@type\":\"SearchAction\",\"target\":{\"@type\":\"EntryPoint\",\"urlTemplate\":\"https:\/\/www.stage.albagems.ch\/it\/?s={search_term_string}\"},\"query-input\":{\"@type\":\"PropertyValueSpecification\",\"valueRequired\":true,\"valueName\":\"search_term_string\"}}],\"inLanguage\":\"it-IT\"},{\"@type\":\"Organization\",\"@id\":\"https:\/\/www.stage.albagems.ch\/it\/#organization\",\"name\":\"Albagems\",\"url\":\"https:\/\/www.stage.albagems.ch\/it\/\",\"logo\":{\"@type\":\"ImageObject\",\"inLanguage\":\"it-IT\",\"@id\":\"https:\/\/www.stage.albagems.ch\/it\/#\/schema\/logo\/image\/\",\"url\":\"https:\/\/www.stage.albagems.ch\/wp-content\/uploads\/2023\/08\/logo-albagems-clear.png\",\"contentUrl\":\"https:\/\/www.stage.albagems.ch\/wp-content\/uploads\/2023\/08\/logo-albagems-clear.png\",\"width\":350,\"height\":136,\"caption\":\"Albagems\"},\"image\":{\"@id\":\"https:\/\/www.stage.albagems.ch\/it\/#\/schema\/logo\/image\/\"}}]}<\/script>\n<!-- \/ Yoast SEO plugin. -->","yoast_head_json":{"title":"Partner - Albagems","robots":{"index":"noindex","follow":"follow","max-snippet":"max-snippet:-1","max-image-preview":"max-image-preview:large","max-video-preview":"max-video-preview:-1"},"og_locale":"it_IT","og_type":"article","og_title":"Partner - Albagems","og_description":"Scopri il lusso abbracciato dai nostri partner termali e alberghieri, che scelgono i prodotti Albagems per un'esperienza squisita e rigenerante.","og_url":"https:\/\/www.stage.albagems.ch\/it\/partner\/","og_site_name":"Albagems","article_modified_time":"2025-04-11T09:22:50+00:00","og_image":[{"width":302,"height":302,"url":"https:\/\/www.stage.albagems.ch\/wp-content\/uploads\/2023\/11\/marinella-negri.png","type":"image\/png"}],"twitter_card":"summary_large_image","twitter_misc":{"Tempo di lettura stimato":"3 minuti"},"schema":{"@context":"https:\/\/schema.org","@graph":[{"@type":"WebPage","@id":"https:\/\/www.stage.albagems.ch\/it\/partner\/","url":"https:\/\/www.stage.albagems.ch\/it\/partner\/","name":"Partner - Albagems","isPartOf":{"@id":"https:\/\/www.stage.albagems.ch\/it\/#website"},"primaryImageOfPage":{"@id":"https:\/\/www.stage.albagems.ch\/it\/partner\/#primaryimage"},"image":{"@id":"https:\/\/www.stage.albagems.ch\/it\/partner\/#primaryimage"},"thumbnailUrl":"https:\/\/www.stage.albagems.ch\/wp-content\/uploads\/2023\/11\/marinella-negri.png","datePublished":"2023-12-06T10:23:32+00:00","dateModified":"2025-04-11T09:22:50+00:00","breadcrumb":{"@id":"https:\/\/www.stage.albagems.ch\/it\/partner\/#breadcrumb"},"inLanguage":"it-IT","potentialAction":[{"@type":"ReadAction","target":["https:\/\/www.stage.albagems.ch\/it\/partner\/"]}]},{"@type":"ImageObject","inLanguage":"it-IT","@id":"https:\/\/www.stage.albagems.ch\/it\/partner\/#primaryimage","url":"https:\/\/www.stage.albagems.ch\/wp-content\/uploads\/2023\/11\/marinella-negri.png","contentUrl":"https:\/\/www.stage.albagems.ch\/wp-content\/uploads\/2023\/11\/marinella-negri.png"},{"@type":"BreadcrumbList","@id":"https:\/\/www.stage.albagems.ch\/it\/partner\/#breadcrumb","itemListElement":[{"@type":"ListItem","position":1,"name":"Casa","item":"https:\/\/www.stage.albagems.ch\/it\/"},{"@type":"ListItem","position":2,"name":"Partner"}]},{"@type":"WebSite","@id":"https:\/\/www.stage.albagems.ch\/it\/#website","url":"https:\/\/www.stage.albagems.ch\/it\/","name":"Albagems","description":"","publisher":{"@id":"https:\/\/www.stage.albagems.ch\/it\/#organization"},"potentialAction":[{"@type":"SearchAction","target":{"@type":"EntryPoint","urlTemplate":"https:\/\/www.stage.albagems.ch\/it\/?s={search_term_string}"},"query-input":{"@type":"PropertyValueSpecification","valueRequired":true,"valueName":"search_term_string"}}],"inLanguage":"it-IT"},{"@type":"Organization","@id":"https:\/\/www.stage.albagems.ch\/it\/#organization","name":"Albagems","url":"https:\/\/www.stage.albagems.ch\/it\/","logo":{"@type":"ImageObject","inLanguage":"it-IT","@id":"https:\/\/www.stage.albagems.ch\/it\/#\/schema\/logo\/image\/","url":"https:\/\/www.stage.albagems.ch\/wp-content\/uploads\/2023\/08\/logo-albagems-clear.png","contentUrl":"https:\/\/www.stage.albagems.ch\/wp-content\/uploads\/2023\/08\/logo-albagems-clear.png","width":350,"height":136,"caption":"Albagems"},"image":{"@id":"https:\/\/www.stage.albagems.ch\/it\/#\/schema\/logo\/image\/"}}]}},"jetpack_sharing_enabled":true,"_links":{"self":[{"href":"https:\/\/www.stage.albagems.ch\/it\/wp-json\/wp\/v2\/pages\/3069","targetHints":{"allow":["GET"]}}],"collection":[{"href":"https:\/\/www.stage.albagems.ch\/it\/wp-json\/wp\/v2\/pages"}],"about":[{"href":"https:\/\/www.stage.albagems.ch\/it\/wp-json\/wp\/v2\/types\/page"}],"author":[{"embeddable":true,"href":"https:\/\/www.stage.albagems.ch\/it\/wp-json\/wp\/v2\/users\/1"}],"replies":[{"embeddable":true,"href":"https:\/\/www.stage.albagems.ch\/it\/wp-json\/wp\/v2\/comments?post=3069"}],"version-history":[{"count":3,"href":"https:\/\/www.stage.albagems.ch\/it\/wp-json\/wp\/v2\/pages\/3069\/revisions"}],"predecessor-version":[{"id":3296,"href":"https:\/\/www.stage.albagems.ch\/it\/wp-json\/wp\/v2\/pages\/3069\/revisions\/3296"}],"wp:attachment":[{"href":"https:\/\/www.stage.albagems.ch\/it\/wp-json\/wp\/v2\/media?parent=3069"}],"curies":[{"name":"wp","href":"https:\/\/api.w.org\/{rel}","templated":true}]}}