{"id":3089,"date":"2024-10-14T14:14:01","date_gmt":"2024-10-14T14:14:01","guid":{"rendered":"https:\/\/www.stage.albagems.ch\/product\/face-gym-prossima-data-dal-10-al-14-marzo-2025\/"},"modified":"2025-04-11T12:45:14","modified_gmt":"2025-04-11T12:45:14","slug":"face-gym-prossima-data-dal-10-al-14-marzo-2025","status":"publish","type":"product","link":"https:\/\/www.stage.albagems.ch\/it\/product\/face-gym-prossima-data-dal-10-al-14-marzo-2025\/","title":{"rendered":"Face Gym, Prossima data: dal 7 all&#8217;11 aprile 2025"},"content":{"rendered":"<p>Face Gem combina la ginnastica facciale e l&#8217;automassaggio con momenti di consapevolezza per rigenerare il viso e l&#8217;anima. Imparerai a ripristinare i muscoli facciali, a correggere le rughe del viso, a sollevare la fronte, gli angoli delle labbra, a rafforzare la pelle, ad aumentare il volume delle labbra, a rafforzare il collo, a scolpire gli zigomi, a ridurre il doppio mento. Grazie agli esercizi, la tua pelle sar\u00e0 ringiovanita e sar\u00e0 pi\u00f9 luminosa che mai grazie a un metodo completamente naturale.  <\/p>\n<p><strong>Cosa ricevi con il corso:<\/strong><\/p>\n<ul>\n<li style=\"font-weight: 400\">Una settimana di Face Gem - dal 7 all&#8217;11 aprile 2025<\/li>\n<li style=\"font-weight: 400\">Lezioni LIVE (su Zoom) dal luned\u00ec al venerd\u00ec con me della durata di 20 minuti ciascuna<\/li>\n<li style=\"font-weight: 400\">Dal luned\u00ec al venerd\u00ec alle 06:30 o alle 20:40<\/li>\n<li style=\"font-weight: 400\">Non sono necessari altri accessori se non le tue mani e un prodotto per il viso che possa scorrere senza problemi.<\/li>\n<li style=\"font-weight: 400\">Accedi alla lezione quando ti \u00e8 pi\u00f9 comodo<\/li>\n<\/ul>\n<p>&nbsp;<\/p>\n<p><strong>I vantaggi sono numerosi:<\/strong><\/p>\n<ul>\n<li>Effetto lifting senza chirurgia<\/li>\n<li>Riduzione delle rughe sottili<\/li>\n<li>Tonificazione dei muscoli facciali<\/li>\n<li>Pelle ringiovanita<\/li>\n<li>Carnagione pi\u00f9 luminosa<\/li>\n<li>Rilassamento della tensione facciale<\/li>\n<li>Risultati evidenti dopo pochi giorni<\/li>\n<\/ul>\n","protected":false},"excerpt":{"rendered":"<p>Face Gem combina la ginnastica facciale e l&#8217;automassaggio con momenti di consapevolezza per rigenerare il viso e l&#8217;anima. Imparerai a ripristinare i muscoli facciali, a correggere le rughe del viso, a sollevare la fronte, gli angoli delle labbra, a rafforzare la pelle, ad aumentare il volume delle labbra, a rafforzare il collo, a scolpire gli [&hellip;]<\/p>\n","protected":false},"featured_media":2902,"comment_status":"open","ping_status":"closed","template":"","meta":{"_acf_changed":false},"product_brand":[],"product_cat":[71],"product_tag":[],"class_list":{"0":"post-3089","1":"product","2":"type-product","3":"status-publish","4":"has-post-thumbnail","6":"product_cat-palestra-per-il-viso","8":"first","9":"instock","10":"virtual","11":"taxable","12":"purchasable","13":"product-type-simple"},"acf":[],"yoast_head":"<!-- This site is optimized with the Yoast SEO plugin v25.1 - https:\/\/yoast.com\/wordpress\/plugins\/seo\/ -->\n<title>Face Gym, Prossima data: dal 7 all&#039;11 aprile 2025 - Albagems<\/title>\n<meta name=\"robots\" content=\"noindex, follow, max-snippet:-1, max-image-preview:large, max-video-preview:-1\" \/>\n<meta property=\"og:locale\" content=\"it_IT\" \/>\n<meta property=\"og:type\" content=\"article\" \/>\n<meta property=\"og:title\" content=\"Face Gym, Prossima data: dal 7 all&#039;11 aprile 2025 - Albagems\" \/>\n<meta property=\"og:description\" content=\"Face Gem combina la ginnastica facciale e l&#8217;automassaggio con momenti di consapevolezza per rigenerare il viso e l&#8217;anima. Imparerai a ripristinare i muscoli facciali, a correggere le rughe del viso, a sollevare la fronte, gli angoli delle labbra, a rafforzare la pelle, ad aumentare il volume delle labbra, a rafforzare il collo, a scolpire gli [&hellip;]\" \/>\n<meta property=\"og:url\" content=\"https:\/\/www.stage.albagems.ch\/it\/product\/face-gym-prossima-data-dal-10-al-14-marzo-2025\/\" \/>\n<meta property=\"og:site_name\" content=\"Albagems\" \/>\n<meta property=\"article:modified_time\" content=\"2025-04-11T12:45:14+00:00\" \/>\n<meta property=\"og:image\" content=\"https:\/\/www.stage.albagems.ch\/wp-content\/uploads\/2024\/10\/EBPH7605.jpg\" \/>\n\t<meta property=\"og:image:width\" content=\"667\" \/>\n\t<meta property=\"og:image:height\" content=\"1000\" \/>\n\t<meta property=\"og:image:type\" content=\"image\/jpeg\" \/>\n<meta name=\"twitter:card\" content=\"summary_large_image\" \/>\n<meta name=\"twitter:label1\" content=\"Tempo di lettura stimato\" \/>\n\t<meta name=\"twitter:data1\" content=\"1 minuto\" \/>\n<script type=\"application\/ld+json\" class=\"yoast-schema-graph\">{\"@context\":\"https:\/\/schema.org\",\"@graph\":[{\"@type\":\"WebPage\",\"@id\":\"https:\/\/www.stage.albagems.ch\/it\/product\/face-gym-prossima-data-dal-10-al-14-marzo-2025\/\",\"url\":\"https:\/\/www.stage.albagems.ch\/it\/product\/face-gym-prossima-data-dal-10-al-14-marzo-2025\/\",\"name\":\"Face Gym, Prossima data: dal 7 all'11 aprile 2025 - Albagems\",\"isPartOf\":{\"@id\":\"https:\/\/www.stage.albagems.ch\/it\/#website\"},\"primaryImageOfPage\":{\"@id\":\"https:\/\/www.stage.albagems.ch\/it\/product\/face-gym-prossima-data-dal-10-al-14-marzo-2025\/#primaryimage\"},\"image\":{\"@id\":\"https:\/\/www.stage.albagems.ch\/it\/product\/face-gym-prossima-data-dal-10-al-14-marzo-2025\/#primaryimage\"},\"thumbnailUrl\":\"https:\/\/www.stage.albagems.ch\/wp-content\/uploads\/2024\/10\/EBPH7605.jpg\",\"datePublished\":\"2024-10-14T14:14:01+00:00\",\"dateModified\":\"2025-04-11T12:45:14+00:00\",\"breadcrumb\":{\"@id\":\"https:\/\/www.stage.albagems.ch\/it\/product\/face-gym-prossima-data-dal-10-al-14-marzo-2025\/#breadcrumb\"},\"inLanguage\":\"it-IT\",\"potentialAction\":[{\"@type\":\"ReadAction\",\"target\":[\"https:\/\/www.stage.albagems.ch\/it\/product\/face-gym-prossima-data-dal-10-al-14-marzo-2025\/\"]}]},{\"@type\":\"ImageObject\",\"inLanguage\":\"it-IT\",\"@id\":\"https:\/\/www.stage.albagems.ch\/it\/product\/face-gym-prossima-data-dal-10-al-14-marzo-2025\/#primaryimage\",\"url\":\"https:\/\/www.stage.albagems.ch\/wp-content\/uploads\/2024\/10\/EBPH7605.jpg\",\"contentUrl\":\"https:\/\/www.stage.albagems.ch\/wp-content\/uploads\/2024\/10\/EBPH7605.jpg\",\"width\":667,\"height\":1000},{\"@type\":\"BreadcrumbList\",\"@id\":\"https:\/\/www.stage.albagems.ch\/it\/product\/face-gym-prossima-data-dal-10-al-14-marzo-2025\/#breadcrumb\",\"itemListElement\":[{\"@type\":\"ListItem\",\"position\":1,\"name\":\"Casa\",\"item\":\"https:\/\/www.stage.albagems.ch\/it\/\"},{\"@type\":\"ListItem\",\"position\":2,\"name\":\"Negozio\",\"item\":\"https:\/\/www.stage.albagems.ch\/it\/negozio\/\"},{\"@type\":\"ListItem\",\"position\":3,\"name\":\"Face Gym, Prossima data: dal 7 all&#8217;11 aprile 2025\"}]},{\"@type\":\"WebSite\",\"@id\":\"https:\/\/www.stage.albagems.ch\/it\/#website\",\"url\":\"https:\/\/www.stage.albagems.ch\/it\/\",\"name\":\"Albagems\",\"description\":\"\",\"publisher\":{\"@id\":\"https:\/\/www.stage.albagems.ch\/it\/#organization\"},\"potentialAction\":[{\"@type\":\"SearchAction\",\"target\":{\"@type\":\"EntryPoint\",\"urlTemplate\":\"https:\/\/www.stage.albagems.ch\/it\/?s={search_term_string}\"},\"query-input\":{\"@type\":\"PropertyValueSpecification\",\"valueRequired\":true,\"valueName\":\"search_term_string\"}}],\"inLanguage\":\"it-IT\"},{\"@type\":\"Organization\",\"@id\":\"https:\/\/www.stage.albagems.ch\/it\/#organization\",\"name\":\"Albagems\",\"url\":\"https:\/\/www.stage.albagems.ch\/it\/\",\"logo\":{\"@type\":\"ImageObject\",\"inLanguage\":\"it-IT\",\"@id\":\"https:\/\/www.stage.albagems.ch\/it\/#\/schema\/logo\/image\/\",\"url\":\"https:\/\/www.stage.albagems.ch\/wp-content\/uploads\/2023\/08\/logo-albagems-clear.png\",\"contentUrl\":\"https:\/\/www.stage.albagems.ch\/wp-content\/uploads\/2023\/08\/logo-albagems-clear.png\",\"width\":350,\"height\":136,\"caption\":\"Albagems\"},\"image\":{\"@id\":\"https:\/\/www.stage.albagems.ch\/it\/#\/schema\/logo\/image\/\"}}]}<\/script>\n<!-- \/ Yoast SEO plugin. -->","yoast_head_json":{"title":"Face Gym, Prossima data: dal 7 all'11 aprile 2025 - Albagems","robots":{"index":"noindex","follow":"follow","max-snippet":"max-snippet:-1","max-image-preview":"max-image-preview:large","max-video-preview":"max-video-preview:-1"},"og_locale":"it_IT","og_type":"article","og_title":"Face Gym, Prossima data: dal 7 all'11 aprile 2025 - Albagems","og_description":"Face Gem combina la ginnastica facciale e l&#8217;automassaggio con momenti di consapevolezza per rigenerare il viso e l&#8217;anima. Imparerai a ripristinare i muscoli facciali, a correggere le rughe del viso, a sollevare la fronte, gli angoli delle labbra, a rafforzare la pelle, ad aumentare il volume delle labbra, a rafforzare il collo, a scolpire gli [&hellip;]","og_url":"https:\/\/www.stage.albagems.ch\/it\/product\/face-gym-prossima-data-dal-10-al-14-marzo-2025\/","og_site_name":"Albagems","article_modified_time":"2025-04-11T12:45:14+00:00","og_image":[{"width":667,"height":1000,"url":"https:\/\/www.stage.albagems.ch\/wp-content\/uploads\/2024\/10\/EBPH7605.jpg","type":"image\/jpeg"}],"twitter_card":"summary_large_image","twitter_misc":{"Tempo di lettura stimato":"1 minuto"},"schema":{"@context":"https:\/\/schema.org","@graph":[{"@type":"WebPage","@id":"https:\/\/www.stage.albagems.ch\/it\/product\/face-gym-prossima-data-dal-10-al-14-marzo-2025\/","url":"https:\/\/www.stage.albagems.ch\/it\/product\/face-gym-prossima-data-dal-10-al-14-marzo-2025\/","name":"Face Gym, Prossima data: dal 7 all'11 aprile 2025 - Albagems","isPartOf":{"@id":"https:\/\/www.stage.albagems.ch\/it\/#website"},"primaryImageOfPage":{"@id":"https:\/\/www.stage.albagems.ch\/it\/product\/face-gym-prossima-data-dal-10-al-14-marzo-2025\/#primaryimage"},"image":{"@id":"https:\/\/www.stage.albagems.ch\/it\/product\/face-gym-prossima-data-dal-10-al-14-marzo-2025\/#primaryimage"},"thumbnailUrl":"https:\/\/www.stage.albagems.ch\/wp-content\/uploads\/2024\/10\/EBPH7605.jpg","datePublished":"2024-10-14T14:14:01+00:00","dateModified":"2025-04-11T12:45:14+00:00","breadcrumb":{"@id":"https:\/\/www.stage.albagems.ch\/it\/product\/face-gym-prossima-data-dal-10-al-14-marzo-2025\/#breadcrumb"},"inLanguage":"it-IT","potentialAction":[{"@type":"ReadAction","target":["https:\/\/www.stage.albagems.ch\/it\/product\/face-gym-prossima-data-dal-10-al-14-marzo-2025\/"]}]},{"@type":"ImageObject","inLanguage":"it-IT","@id":"https:\/\/www.stage.albagems.ch\/it\/product\/face-gym-prossima-data-dal-10-al-14-marzo-2025\/#primaryimage","url":"https:\/\/www.stage.albagems.ch\/wp-content\/uploads\/2024\/10\/EBPH7605.jpg","contentUrl":"https:\/\/www.stage.albagems.ch\/wp-content\/uploads\/2024\/10\/EBPH7605.jpg","width":667,"height":1000},{"@type":"BreadcrumbList","@id":"https:\/\/www.stage.albagems.ch\/it\/product\/face-gym-prossima-data-dal-10-al-14-marzo-2025\/#breadcrumb","itemListElement":[{"@type":"ListItem","position":1,"name":"Casa","item":"https:\/\/www.stage.albagems.ch\/it\/"},{"@type":"ListItem","position":2,"name":"Negozio","item":"https:\/\/www.stage.albagems.ch\/it\/negozio\/"},{"@type":"ListItem","position":3,"name":"Face Gym, Prossima data: dal 7 all&#8217;11 aprile 2025"}]},{"@type":"WebSite","@id":"https:\/\/www.stage.albagems.ch\/it\/#website","url":"https:\/\/www.stage.albagems.ch\/it\/","name":"Albagems","description":"","publisher":{"@id":"https:\/\/www.stage.albagems.ch\/it\/#organization"},"potentialAction":[{"@type":"SearchAction","target":{"@type":"EntryPoint","urlTemplate":"https:\/\/www.stage.albagems.ch\/it\/?s={search_term_string}"},"query-input":{"@type":"PropertyValueSpecification","valueRequired":true,"valueName":"search_term_string"}}],"inLanguage":"it-IT"},{"@type":"Organization","@id":"https:\/\/www.stage.albagems.ch\/it\/#organization","name":"Albagems","url":"https:\/\/www.stage.albagems.ch\/it\/","logo":{"@type":"ImageObject","inLanguage":"it-IT","@id":"https:\/\/www.stage.albagems.ch\/it\/#\/schema\/logo\/image\/","url":"https:\/\/www.stage.albagems.ch\/wp-content\/uploads\/2023\/08\/logo-albagems-clear.png","contentUrl":"https:\/\/www.stage.albagems.ch\/wp-content\/uploads\/2023\/08\/logo-albagems-clear.png","width":350,"height":136,"caption":"Albagems"},"image":{"@id":"https:\/\/www.stage.albagems.ch\/it\/#\/schema\/logo\/image\/"}}]}},"jetpack_sharing_enabled":true,"_links":{"self":[{"href":"https:\/\/www.stage.albagems.ch\/it\/wp-json\/wp\/v2\/product\/3089","targetHints":{"allow":["GET"]}}],"collection":[{"href":"https:\/\/www.stage.albagems.ch\/it\/wp-json\/wp\/v2\/product"}],"about":[{"href":"https:\/\/www.stage.albagems.ch\/it\/wp-json\/wp\/v2\/types\/product"}],"replies":[{"embeddable":true,"href":"https:\/\/www.stage.albagems.ch\/it\/wp-json\/wp\/v2\/comments?post=3089"}],"wp:featuredmedia":[{"embeddable":true,"href":"https:\/\/www.stage.albagems.ch\/it\/wp-json\/wp\/v2\/media\/2902"}],"wp:attachment":[{"href":"https:\/\/www.stage.albagems.ch\/it\/wp-json\/wp\/v2\/media?parent=3089"}],"wp:term":[{"taxonomy":"product_brand","embeddable":true,"href":"https:\/\/www.stage.albagems.ch\/it\/wp-json\/wp\/v2\/product_brand?post=3089"},{"taxonomy":"product_cat","embeddable":true,"href":"https:\/\/www.stage.albagems.ch\/it\/wp-json\/wp\/v2\/product_cat?post=3089"},{"taxonomy":"product_tag","embeddable":true,"href":"https:\/\/www.stage.albagems.ch\/it\/wp-json\/wp\/v2\/product_tag?post=3089"}],"curies":[{"name":"wp","href":"https:\/\/api.w.org\/{rel}","templated":true}]}}