{"id":3111,"date":"2024-04-08T09:46:13","date_gmt":"2024-04-08T09:46:13","guid":{"rendered":"https:\/\/www.stage.albagems.ch\/product\/nefrite-pro-gua-sha\/"},"modified":"2024-04-08T09:46:13","modified_gmt":"2024-04-08T09:46:13","slug":"nefrite-pro-gua-sha","status":"publish","type":"product","link":"https:\/\/www.stage.albagems.ch\/it\/product\/nefrite-pro-gua-sha\/","title":{"rendered":"Nefrite Pro Gua Sha"},"content":{"rendered":"<p>La nefrite \u00e8 una pietra densa che scivola come la seta sulla pelle e modella senza sforzo la geografia naturale della pelle, in modo che una variet\u00e0 di tecniche di massaggio facciale (da quelle pi\u00f9 leggere a quelle pi\u00f9 profonde) possano essere fuse insieme e diventare pi\u00f9 fluide per ottenere una miriade di risultati desiderati.<\/p>\n<div><\/div>\n<div>L&#8217;uso quotidiano migliora l&#8217;elasticit\u00e0, riduce l&#8217;infiammazione e, grazie all&#8217;aumento della microcircolazione e del flusso linfatico, pulisce i tessuti e aiuta a mantenere lo spazio intorno alle cellule incontaminato, in modo che la pelle sana possa prosperare.<\/div>\n<div><\/div>\n<div><strong>Vantaggi<\/strong><\/div>\n<div>rassoda e solleva istantaneamente<br \/>\nrinnova i contorni del viso | inverte il rilassamento cutaneo<br \/>\ndiminuisce le occhiaie | riduce il gonfiore<br \/>\nminimizza l&#8217;aspetto delle rughe (del fumatore, mimiche e del sorriso)<br \/>\nillumina | promuove un colorito radioso<br \/>\nriduce le macchie scure | le imperfezioni e altri problemi della pelle<\/div>\n","protected":false},"excerpt":{"rendered":"<p>La nefrite \u00e8 una pietra densa che scivola come la seta sulla pelle e modella senza sforzo la geografia naturale della pelle, in modo che una variet\u00e0 di tecniche di massaggio facciale (da quelle pi\u00f9 leggere a quelle pi\u00f9 profonde) possano essere fuse insieme e diventare pi\u00f9 fluide per ottenere una miriade di risultati desiderati. [&hellip;]<\/p>\n","protected":false},"featured_media":2924,"comment_status":"open","ping_status":"closed","template":"","meta":{"_acf_changed":false},"product_brand":[],"product_cat":[69],"product_tag":[],"class_list":{"0":"post-3111","1":"product","2":"type-product","3":"status-publish","4":"has-post-thumbnail","6":"product_cat-cura-della-pelle","8":"first","9":"instock","10":"taxable","11":"shipping-taxable","12":"purchasable","13":"product-type-simple"},"acf":[],"yoast_head":"<!-- This site is optimized with the Yoast SEO plugin v25.1 - https:\/\/yoast.com\/wordpress\/plugins\/seo\/ -->\n<title>Nefrite Pro Gua Sha - Albagems<\/title>\n<meta name=\"robots\" content=\"noindex, follow, max-snippet:-1, max-image-preview:large, max-video-preview:-1\" \/>\n<meta property=\"og:locale\" content=\"it_IT\" \/>\n<meta property=\"og:type\" content=\"article\" \/>\n<meta property=\"og:title\" content=\"Nefrite Pro Gua Sha - Albagems\" \/>\n<meta property=\"og:description\" content=\"La nefrite \u00e8 una pietra densa che scivola come la seta sulla pelle e modella senza sforzo la geografia naturale della pelle, in modo che una variet\u00e0 di tecniche di massaggio facciale (da quelle pi\u00f9 leggere a quelle pi\u00f9 profonde) possano essere fuse insieme e diventare pi\u00f9 fluide per ottenere una miriade di risultati desiderati. [&hellip;]\" \/>\n<meta property=\"og:url\" content=\"https:\/\/www.stage.albagems.ch\/it\/product\/nefrite-pro-gua-sha\/\" \/>\n<meta property=\"og:site_name\" content=\"Albagems\" \/>\n<meta property=\"og:image\" content=\"https:\/\/www.stage.albagems.ch\/wp-content\/uploads\/2024\/10\/Acquisizione-senza-titolo1179-1.jpg\" \/>\n\t<meta property=\"og:image:width\" content=\"667\" \/>\n\t<meta property=\"og:image:height\" content=\"1000\" \/>\n\t<meta property=\"og:image:type\" content=\"image\/jpeg\" \/>\n<meta name=\"twitter:card\" content=\"summary_large_image\" \/>\n<meta name=\"twitter:label1\" content=\"Tempo di lettura stimato\" \/>\n\t<meta name=\"twitter:data1\" content=\"1 minuto\" \/>\n<script type=\"application\/ld+json\" class=\"yoast-schema-graph\">{\"@context\":\"https:\/\/schema.org\",\"@graph\":[{\"@type\":\"WebPage\",\"@id\":\"https:\/\/www.stage.albagems.ch\/it\/product\/nefrite-pro-gua-sha\/\",\"url\":\"https:\/\/www.stage.albagems.ch\/it\/product\/nefrite-pro-gua-sha\/\",\"name\":\"Nefrite Pro Gua Sha - Albagems\",\"isPartOf\":{\"@id\":\"https:\/\/www.stage.albagems.ch\/it\/#website\"},\"primaryImageOfPage\":{\"@id\":\"https:\/\/www.stage.albagems.ch\/it\/product\/nefrite-pro-gua-sha\/#primaryimage\"},\"image\":{\"@id\":\"https:\/\/www.stage.albagems.ch\/it\/product\/nefrite-pro-gua-sha\/#primaryimage\"},\"thumbnailUrl\":\"https:\/\/www.stage.albagems.ch\/wp-content\/uploads\/2024\/10\/Acquisizione-senza-titolo1179-1.jpg\",\"datePublished\":\"2024-04-08T09:46:13+00:00\",\"breadcrumb\":{\"@id\":\"https:\/\/www.stage.albagems.ch\/it\/product\/nefrite-pro-gua-sha\/#breadcrumb\"},\"inLanguage\":\"it-IT\",\"potentialAction\":[{\"@type\":\"ReadAction\",\"target\":[\"https:\/\/www.stage.albagems.ch\/it\/product\/nefrite-pro-gua-sha\/\"]}]},{\"@type\":\"ImageObject\",\"inLanguage\":\"it-IT\",\"@id\":\"https:\/\/www.stage.albagems.ch\/it\/product\/nefrite-pro-gua-sha\/#primaryimage\",\"url\":\"https:\/\/www.stage.albagems.ch\/wp-content\/uploads\/2024\/10\/Acquisizione-senza-titolo1179-1.jpg\",\"contentUrl\":\"https:\/\/www.stage.albagems.ch\/wp-content\/uploads\/2024\/10\/Acquisizione-senza-titolo1179-1.jpg\",\"width\":667,\"height\":1000},{\"@type\":\"BreadcrumbList\",\"@id\":\"https:\/\/www.stage.albagems.ch\/it\/product\/nefrite-pro-gua-sha\/#breadcrumb\",\"itemListElement\":[{\"@type\":\"ListItem\",\"position\":1,\"name\":\"Casa\",\"item\":\"https:\/\/www.stage.albagems.ch\/it\/\"},{\"@type\":\"ListItem\",\"position\":2,\"name\":\"Negozio\",\"item\":\"https:\/\/www.stage.albagems.ch\/it\/negozio\/\"},{\"@type\":\"ListItem\",\"position\":3,\"name\":\"Nefrite Pro Gua Sha\"}]},{\"@type\":\"WebSite\",\"@id\":\"https:\/\/www.stage.albagems.ch\/it\/#website\",\"url\":\"https:\/\/www.stage.albagems.ch\/it\/\",\"name\":\"Albagems\",\"description\":\"\",\"publisher\":{\"@id\":\"https:\/\/www.stage.albagems.ch\/it\/#organization\"},\"potentialAction\":[{\"@type\":\"SearchAction\",\"target\":{\"@type\":\"EntryPoint\",\"urlTemplate\":\"https:\/\/www.stage.albagems.ch\/it\/?s={search_term_string}\"},\"query-input\":{\"@type\":\"PropertyValueSpecification\",\"valueRequired\":true,\"valueName\":\"search_term_string\"}}],\"inLanguage\":\"it-IT\"},{\"@type\":\"Organization\",\"@id\":\"https:\/\/www.stage.albagems.ch\/it\/#organization\",\"name\":\"Albagems\",\"url\":\"https:\/\/www.stage.albagems.ch\/it\/\",\"logo\":{\"@type\":\"ImageObject\",\"inLanguage\":\"it-IT\",\"@id\":\"https:\/\/www.stage.albagems.ch\/it\/#\/schema\/logo\/image\/\",\"url\":\"https:\/\/www.stage.albagems.ch\/wp-content\/uploads\/2023\/08\/logo-albagems-clear.png\",\"contentUrl\":\"https:\/\/www.stage.albagems.ch\/wp-content\/uploads\/2023\/08\/logo-albagems-clear.png\",\"width\":350,\"height\":136,\"caption\":\"Albagems\"},\"image\":{\"@id\":\"https:\/\/www.stage.albagems.ch\/it\/#\/schema\/logo\/image\/\"}}]}<\/script>\n<!-- \/ Yoast SEO plugin. -->","yoast_head_json":{"title":"Nefrite Pro Gua Sha - Albagems","robots":{"index":"noindex","follow":"follow","max-snippet":"max-snippet:-1","max-image-preview":"max-image-preview:large","max-video-preview":"max-video-preview:-1"},"og_locale":"it_IT","og_type":"article","og_title":"Nefrite Pro Gua Sha - Albagems","og_description":"La nefrite \u00e8 una pietra densa che scivola come la seta sulla pelle e modella senza sforzo la geografia naturale della pelle, in modo che una variet\u00e0 di tecniche di massaggio facciale (da quelle pi\u00f9 leggere a quelle pi\u00f9 profonde) possano essere fuse insieme e diventare pi\u00f9 fluide per ottenere una miriade di risultati desiderati. [&hellip;]","og_url":"https:\/\/www.stage.albagems.ch\/it\/product\/nefrite-pro-gua-sha\/","og_site_name":"Albagems","og_image":[{"width":667,"height":1000,"url":"https:\/\/www.stage.albagems.ch\/wp-content\/uploads\/2024\/10\/Acquisizione-senza-titolo1179-1.jpg","type":"image\/jpeg"}],"twitter_card":"summary_large_image","twitter_misc":{"Tempo di lettura stimato":"1 minuto"},"schema":{"@context":"https:\/\/schema.org","@graph":[{"@type":"WebPage","@id":"https:\/\/www.stage.albagems.ch\/it\/product\/nefrite-pro-gua-sha\/","url":"https:\/\/www.stage.albagems.ch\/it\/product\/nefrite-pro-gua-sha\/","name":"Nefrite Pro Gua Sha - Albagems","isPartOf":{"@id":"https:\/\/www.stage.albagems.ch\/it\/#website"},"primaryImageOfPage":{"@id":"https:\/\/www.stage.albagems.ch\/it\/product\/nefrite-pro-gua-sha\/#primaryimage"},"image":{"@id":"https:\/\/www.stage.albagems.ch\/it\/product\/nefrite-pro-gua-sha\/#primaryimage"},"thumbnailUrl":"https:\/\/www.stage.albagems.ch\/wp-content\/uploads\/2024\/10\/Acquisizione-senza-titolo1179-1.jpg","datePublished":"2024-04-08T09:46:13+00:00","breadcrumb":{"@id":"https:\/\/www.stage.albagems.ch\/it\/product\/nefrite-pro-gua-sha\/#breadcrumb"},"inLanguage":"it-IT","potentialAction":[{"@type":"ReadAction","target":["https:\/\/www.stage.albagems.ch\/it\/product\/nefrite-pro-gua-sha\/"]}]},{"@type":"ImageObject","inLanguage":"it-IT","@id":"https:\/\/www.stage.albagems.ch\/it\/product\/nefrite-pro-gua-sha\/#primaryimage","url":"https:\/\/www.stage.albagems.ch\/wp-content\/uploads\/2024\/10\/Acquisizione-senza-titolo1179-1.jpg","contentUrl":"https:\/\/www.stage.albagems.ch\/wp-content\/uploads\/2024\/10\/Acquisizione-senza-titolo1179-1.jpg","width":667,"height":1000},{"@type":"BreadcrumbList","@id":"https:\/\/www.stage.albagems.ch\/it\/product\/nefrite-pro-gua-sha\/#breadcrumb","itemListElement":[{"@type":"ListItem","position":1,"name":"Casa","item":"https:\/\/www.stage.albagems.ch\/it\/"},{"@type":"ListItem","position":2,"name":"Negozio","item":"https:\/\/www.stage.albagems.ch\/it\/negozio\/"},{"@type":"ListItem","position":3,"name":"Nefrite Pro Gua Sha"}]},{"@type":"WebSite","@id":"https:\/\/www.stage.albagems.ch\/it\/#website","url":"https:\/\/www.stage.albagems.ch\/it\/","name":"Albagems","description":"","publisher":{"@id":"https:\/\/www.stage.albagems.ch\/it\/#organization"},"potentialAction":[{"@type":"SearchAction","target":{"@type":"EntryPoint","urlTemplate":"https:\/\/www.stage.albagems.ch\/it\/?s={search_term_string}"},"query-input":{"@type":"PropertyValueSpecification","valueRequired":true,"valueName":"search_term_string"}}],"inLanguage":"it-IT"},{"@type":"Organization","@id":"https:\/\/www.stage.albagems.ch\/it\/#organization","name":"Albagems","url":"https:\/\/www.stage.albagems.ch\/it\/","logo":{"@type":"ImageObject","inLanguage":"it-IT","@id":"https:\/\/www.stage.albagems.ch\/it\/#\/schema\/logo\/image\/","url":"https:\/\/www.stage.albagems.ch\/wp-content\/uploads\/2023\/08\/logo-albagems-clear.png","contentUrl":"https:\/\/www.stage.albagems.ch\/wp-content\/uploads\/2023\/08\/logo-albagems-clear.png","width":350,"height":136,"caption":"Albagems"},"image":{"@id":"https:\/\/www.stage.albagems.ch\/it\/#\/schema\/logo\/image\/"}}]}},"jetpack_sharing_enabled":true,"_links":{"self":[{"href":"https:\/\/www.stage.albagems.ch\/it\/wp-json\/wp\/v2\/product\/3111","targetHints":{"allow":["GET"]}}],"collection":[{"href":"https:\/\/www.stage.albagems.ch\/it\/wp-json\/wp\/v2\/product"}],"about":[{"href":"https:\/\/www.stage.albagems.ch\/it\/wp-json\/wp\/v2\/types\/product"}],"replies":[{"embeddable":true,"href":"https:\/\/www.stage.albagems.ch\/it\/wp-json\/wp\/v2\/comments?post=3111"}],"wp:featuredmedia":[{"embeddable":true,"href":"https:\/\/www.stage.albagems.ch\/it\/wp-json\/wp\/v2\/media\/2924"}],"wp:attachment":[{"href":"https:\/\/www.stage.albagems.ch\/it\/wp-json\/wp\/v2\/media?parent=3111"}],"wp:term":[{"taxonomy":"product_brand","embeddable":true,"href":"https:\/\/www.stage.albagems.ch\/it\/wp-json\/wp\/v2\/product_brand?post=3111"},{"taxonomy":"product_cat","embeddable":true,"href":"https:\/\/www.stage.albagems.ch\/it\/wp-json\/wp\/v2\/product_cat?post=3111"},{"taxonomy":"product_tag","embeddable":true,"href":"https:\/\/www.stage.albagems.ch\/it\/wp-json\/wp\/v2\/product_tag?post=3111"}],"curies":[{"name":"wp","href":"https:\/\/api.w.org\/{rel}","templated":true}]}}