{"id":3113,"date":"2024-04-08T11:56:19","date_gmt":"2024-04-08T11:56:19","guid":{"rendered":"https:\/\/www.stage.albagems.ch\/product\/maschera-per-il-benessere-degli-occhi-al-quarzo-rosa\/"},"modified":"2024-04-08T11:56:19","modified_gmt":"2024-04-08T11:56:19","slug":"maschera-per-il-benessere-degli-occhi-al-quarzo-rosa","status":"publish","type":"product","link":"https:\/\/www.stage.albagems.ch\/it\/product\/maschera-per-il-benessere-degli-occhi-al-quarzo-rosa\/","title":{"rendered":"Maschera per il benessere degli occhi al quarzo rosa"},"content":{"rendered":"<p>La qualit\u00e0 \u00e8 il nostro obiettivo!<br \/>\nCome per tutte le pietre e le gemme, esistono grandi differenze di qualit\u00e0. Le nostre maschere di gemme sono realizzate con gemme di qualit\u00e0 AAA, che offrono le pietre pi\u00f9 energiche e vibranti, con ricche variazioni di colore che tutti amano e che sono il vero segno della qualit\u00e0! <\/p>\n<p>Il quarzo rosa \u00e8 intrinsecamente freddo, il che lo rende benefico per gli occhi e la sua pesantezza induce un profondo senso di rilassamento e comfort. In combinazione con specifici movimenti di drenaggio linfatico, aiuta a ridurre le occhiaie e le borse. Ti consiglio di applicarlo prima della meditazione per calmare la mente o per aiutarti ad addormentarti.<\/p>\n","protected":false},"excerpt":{"rendered":"<p>La qualit\u00e0 \u00e8 il nostro obiettivo! Come per tutte le pietre e le gemme, esistono grandi differenze di qualit\u00e0. Le nostre maschere di gemme sono realizzate con gemme di qualit\u00e0 AAA, che offrono le pietre pi\u00f9 energiche e vibranti, con ricche variazioni di colore che tutti amano e che sono il vero segno della qualit\u00e0! [&hellip;]<\/p>\n","protected":false},"featured_media":2967,"comment_status":"open","ping_status":"closed","template":"","meta":{"_acf_changed":false},"product_brand":[],"product_cat":[69],"product_tag":[],"class_list":{"0":"post-3113","1":"product","2":"type-product","3":"status-publish","4":"has-post-thumbnail","6":"product_cat-cura-della-pelle","8":"first","9":"instock","10":"taxable","11":"shipping-taxable","12":"purchasable","13":"product-type-simple"},"acf":[],"yoast_head":"<!-- This site is optimized with the Yoast SEO plugin v25.1 - https:\/\/yoast.com\/wordpress\/plugins\/seo\/ -->\n<title>Maschera per il benessere degli occhi al quarzo rosa - Albagems<\/title>\n<meta name=\"robots\" content=\"noindex, follow, max-snippet:-1, max-image-preview:large, max-video-preview:-1\" \/>\n<meta property=\"og:locale\" content=\"it_IT\" \/>\n<meta property=\"og:type\" content=\"article\" \/>\n<meta property=\"og:title\" content=\"Maschera per il benessere degli occhi al quarzo rosa - Albagems\" \/>\n<meta property=\"og:description\" content=\"La qualit\u00e0 \u00e8 il nostro obiettivo! Come per tutte le pietre e le gemme, esistono grandi differenze di qualit\u00e0. Le nostre maschere di gemme sono realizzate con gemme di qualit\u00e0 AAA, che offrono le pietre pi\u00f9 energiche e vibranti, con ricche variazioni di colore che tutti amano e che sono il vero segno della qualit\u00e0! [&hellip;]\" \/>\n<meta property=\"og:url\" content=\"https:\/\/www.stage.albagems.ch\/it\/product\/maschera-per-il-benessere-degli-occhi-al-quarzo-rosa\/\" \/>\n<meta property=\"og:site_name\" content=\"Albagems\" \/>\n<meta property=\"og:image\" content=\"https:\/\/www.stage.albagems.ch\/wp-content\/uploads\/2024\/10\/Acquisizione-senza-titolo1163-1.jpg\" \/>\n\t<meta property=\"og:image:width\" content=\"667\" \/>\n\t<meta property=\"og:image:height\" content=\"1000\" \/>\n\t<meta property=\"og:image:type\" content=\"image\/jpeg\" \/>\n<meta name=\"twitter:card\" content=\"summary_large_image\" \/>\n<meta name=\"twitter:label1\" content=\"Tempo di lettura stimato\" \/>\n\t<meta name=\"twitter:data1\" content=\"1 minuto\" \/>\n<script type=\"application\/ld+json\" class=\"yoast-schema-graph\">{\"@context\":\"https:\/\/schema.org\",\"@graph\":[{\"@type\":\"WebPage\",\"@id\":\"https:\/\/www.stage.albagems.ch\/it\/product\/maschera-per-il-benessere-degli-occhi-al-quarzo-rosa\/\",\"url\":\"https:\/\/www.stage.albagems.ch\/it\/product\/maschera-per-il-benessere-degli-occhi-al-quarzo-rosa\/\",\"name\":\"Maschera per il benessere degli occhi al quarzo rosa - Albagems\",\"isPartOf\":{\"@id\":\"https:\/\/www.stage.albagems.ch\/it\/#website\"},\"primaryImageOfPage\":{\"@id\":\"https:\/\/www.stage.albagems.ch\/it\/product\/maschera-per-il-benessere-degli-occhi-al-quarzo-rosa\/#primaryimage\"},\"image\":{\"@id\":\"https:\/\/www.stage.albagems.ch\/it\/product\/maschera-per-il-benessere-degli-occhi-al-quarzo-rosa\/#primaryimage\"},\"thumbnailUrl\":\"https:\/\/www.stage.albagems.ch\/wp-content\/uploads\/2024\/10\/Acquisizione-senza-titolo1163-1.jpg\",\"datePublished\":\"2024-04-08T11:56:19+00:00\",\"breadcrumb\":{\"@id\":\"https:\/\/www.stage.albagems.ch\/it\/product\/maschera-per-il-benessere-degli-occhi-al-quarzo-rosa\/#breadcrumb\"},\"inLanguage\":\"it-IT\",\"potentialAction\":[{\"@type\":\"ReadAction\",\"target\":[\"https:\/\/www.stage.albagems.ch\/it\/product\/maschera-per-il-benessere-degli-occhi-al-quarzo-rosa\/\"]}]},{\"@type\":\"ImageObject\",\"inLanguage\":\"it-IT\",\"@id\":\"https:\/\/www.stage.albagems.ch\/it\/product\/maschera-per-il-benessere-degli-occhi-al-quarzo-rosa\/#primaryimage\",\"url\":\"https:\/\/www.stage.albagems.ch\/wp-content\/uploads\/2024\/10\/Acquisizione-senza-titolo1163-1.jpg\",\"contentUrl\":\"https:\/\/www.stage.albagems.ch\/wp-content\/uploads\/2024\/10\/Acquisizione-senza-titolo1163-1.jpg\",\"width\":667,\"height\":1000},{\"@type\":\"BreadcrumbList\",\"@id\":\"https:\/\/www.stage.albagems.ch\/it\/product\/maschera-per-il-benessere-degli-occhi-al-quarzo-rosa\/#breadcrumb\",\"itemListElement\":[{\"@type\":\"ListItem\",\"position\":1,\"name\":\"Casa\",\"item\":\"https:\/\/www.stage.albagems.ch\/it\/\"},{\"@type\":\"ListItem\",\"position\":2,\"name\":\"Negozio\",\"item\":\"https:\/\/www.stage.albagems.ch\/it\/negozio\/\"},{\"@type\":\"ListItem\",\"position\":3,\"name\":\"Maschera per il benessere degli occhi al quarzo rosa\"}]},{\"@type\":\"WebSite\",\"@id\":\"https:\/\/www.stage.albagems.ch\/it\/#website\",\"url\":\"https:\/\/www.stage.albagems.ch\/it\/\",\"name\":\"Albagems\",\"description\":\"\",\"publisher\":{\"@id\":\"https:\/\/www.stage.albagems.ch\/it\/#organization\"},\"potentialAction\":[{\"@type\":\"SearchAction\",\"target\":{\"@type\":\"EntryPoint\",\"urlTemplate\":\"https:\/\/www.stage.albagems.ch\/it\/?s={search_term_string}\"},\"query-input\":{\"@type\":\"PropertyValueSpecification\",\"valueRequired\":true,\"valueName\":\"search_term_string\"}}],\"inLanguage\":\"it-IT\"},{\"@type\":\"Organization\",\"@id\":\"https:\/\/www.stage.albagems.ch\/it\/#organization\",\"name\":\"Albagems\",\"url\":\"https:\/\/www.stage.albagems.ch\/it\/\",\"logo\":{\"@type\":\"ImageObject\",\"inLanguage\":\"it-IT\",\"@id\":\"https:\/\/www.stage.albagems.ch\/it\/#\/schema\/logo\/image\/\",\"url\":\"https:\/\/www.stage.albagems.ch\/wp-content\/uploads\/2023\/08\/logo-albagems-clear.png\",\"contentUrl\":\"https:\/\/www.stage.albagems.ch\/wp-content\/uploads\/2023\/08\/logo-albagems-clear.png\",\"width\":350,\"height\":136,\"caption\":\"Albagems\"},\"image\":{\"@id\":\"https:\/\/www.stage.albagems.ch\/it\/#\/schema\/logo\/image\/\"}}]}<\/script>\n<!-- \/ Yoast SEO plugin. -->","yoast_head_json":{"title":"Maschera per il benessere degli occhi al quarzo rosa - Albagems","robots":{"index":"noindex","follow":"follow","max-snippet":"max-snippet:-1","max-image-preview":"max-image-preview:large","max-video-preview":"max-video-preview:-1"},"og_locale":"it_IT","og_type":"article","og_title":"Maschera per il benessere degli occhi al quarzo rosa - Albagems","og_description":"La qualit\u00e0 \u00e8 il nostro obiettivo! Come per tutte le pietre e le gemme, esistono grandi differenze di qualit\u00e0. Le nostre maschere di gemme sono realizzate con gemme di qualit\u00e0 AAA, che offrono le pietre pi\u00f9 energiche e vibranti, con ricche variazioni di colore che tutti amano e che sono il vero segno della qualit\u00e0! [&hellip;]","og_url":"https:\/\/www.stage.albagems.ch\/it\/product\/maschera-per-il-benessere-degli-occhi-al-quarzo-rosa\/","og_site_name":"Albagems","og_image":[{"width":667,"height":1000,"url":"https:\/\/www.stage.albagems.ch\/wp-content\/uploads\/2024\/10\/Acquisizione-senza-titolo1163-1.jpg","type":"image\/jpeg"}],"twitter_card":"summary_large_image","twitter_misc":{"Tempo di lettura stimato":"1 minuto"},"schema":{"@context":"https:\/\/schema.org","@graph":[{"@type":"WebPage","@id":"https:\/\/www.stage.albagems.ch\/it\/product\/maschera-per-il-benessere-degli-occhi-al-quarzo-rosa\/","url":"https:\/\/www.stage.albagems.ch\/it\/product\/maschera-per-il-benessere-degli-occhi-al-quarzo-rosa\/","name":"Maschera per il benessere degli occhi al quarzo rosa - Albagems","isPartOf":{"@id":"https:\/\/www.stage.albagems.ch\/it\/#website"},"primaryImageOfPage":{"@id":"https:\/\/www.stage.albagems.ch\/it\/product\/maschera-per-il-benessere-degli-occhi-al-quarzo-rosa\/#primaryimage"},"image":{"@id":"https:\/\/www.stage.albagems.ch\/it\/product\/maschera-per-il-benessere-degli-occhi-al-quarzo-rosa\/#primaryimage"},"thumbnailUrl":"https:\/\/www.stage.albagems.ch\/wp-content\/uploads\/2024\/10\/Acquisizione-senza-titolo1163-1.jpg","datePublished":"2024-04-08T11:56:19+00:00","breadcrumb":{"@id":"https:\/\/www.stage.albagems.ch\/it\/product\/maschera-per-il-benessere-degli-occhi-al-quarzo-rosa\/#breadcrumb"},"inLanguage":"it-IT","potentialAction":[{"@type":"ReadAction","target":["https:\/\/www.stage.albagems.ch\/it\/product\/maschera-per-il-benessere-degli-occhi-al-quarzo-rosa\/"]}]},{"@type":"ImageObject","inLanguage":"it-IT","@id":"https:\/\/www.stage.albagems.ch\/it\/product\/maschera-per-il-benessere-degli-occhi-al-quarzo-rosa\/#primaryimage","url":"https:\/\/www.stage.albagems.ch\/wp-content\/uploads\/2024\/10\/Acquisizione-senza-titolo1163-1.jpg","contentUrl":"https:\/\/www.stage.albagems.ch\/wp-content\/uploads\/2024\/10\/Acquisizione-senza-titolo1163-1.jpg","width":667,"height":1000},{"@type":"BreadcrumbList","@id":"https:\/\/www.stage.albagems.ch\/it\/product\/maschera-per-il-benessere-degli-occhi-al-quarzo-rosa\/#breadcrumb","itemListElement":[{"@type":"ListItem","position":1,"name":"Casa","item":"https:\/\/www.stage.albagems.ch\/it\/"},{"@type":"ListItem","position":2,"name":"Negozio","item":"https:\/\/www.stage.albagems.ch\/it\/negozio\/"},{"@type":"ListItem","position":3,"name":"Maschera per il benessere degli occhi al quarzo rosa"}]},{"@type":"WebSite","@id":"https:\/\/www.stage.albagems.ch\/it\/#website","url":"https:\/\/www.stage.albagems.ch\/it\/","name":"Albagems","description":"","publisher":{"@id":"https:\/\/www.stage.albagems.ch\/it\/#organization"},"potentialAction":[{"@type":"SearchAction","target":{"@type":"EntryPoint","urlTemplate":"https:\/\/www.stage.albagems.ch\/it\/?s={search_term_string}"},"query-input":{"@type":"PropertyValueSpecification","valueRequired":true,"valueName":"search_term_string"}}],"inLanguage":"it-IT"},{"@type":"Organization","@id":"https:\/\/www.stage.albagems.ch\/it\/#organization","name":"Albagems","url":"https:\/\/www.stage.albagems.ch\/it\/","logo":{"@type":"ImageObject","inLanguage":"it-IT","@id":"https:\/\/www.stage.albagems.ch\/it\/#\/schema\/logo\/image\/","url":"https:\/\/www.stage.albagems.ch\/wp-content\/uploads\/2023\/08\/logo-albagems-clear.png","contentUrl":"https:\/\/www.stage.albagems.ch\/wp-content\/uploads\/2023\/08\/logo-albagems-clear.png","width":350,"height":136,"caption":"Albagems"},"image":{"@id":"https:\/\/www.stage.albagems.ch\/it\/#\/schema\/logo\/image\/"}}]}},"jetpack_sharing_enabled":true,"_links":{"self":[{"href":"https:\/\/www.stage.albagems.ch\/it\/wp-json\/wp\/v2\/product\/3113","targetHints":{"allow":["GET"]}}],"collection":[{"href":"https:\/\/www.stage.albagems.ch\/it\/wp-json\/wp\/v2\/product"}],"about":[{"href":"https:\/\/www.stage.albagems.ch\/it\/wp-json\/wp\/v2\/types\/product"}],"replies":[{"embeddable":true,"href":"https:\/\/www.stage.albagems.ch\/it\/wp-json\/wp\/v2\/comments?post=3113"}],"wp:featuredmedia":[{"embeddable":true,"href":"https:\/\/www.stage.albagems.ch\/it\/wp-json\/wp\/v2\/media\/2967"}],"wp:attachment":[{"href":"https:\/\/www.stage.albagems.ch\/it\/wp-json\/wp\/v2\/media?parent=3113"}],"wp:term":[{"taxonomy":"product_brand","embeddable":true,"href":"https:\/\/www.stage.albagems.ch\/it\/wp-json\/wp\/v2\/product_brand?post=3113"},{"taxonomy":"product_cat","embeddable":true,"href":"https:\/\/www.stage.albagems.ch\/it\/wp-json\/wp\/v2\/product_cat?post=3113"},{"taxonomy":"product_tag","embeddable":true,"href":"https:\/\/www.stage.albagems.ch\/it\/wp-json\/wp\/v2\/product_tag?post=3113"}],"curies":[{"name":"wp","href":"https:\/\/api.w.org\/{rel}","templated":true}]}}