{"id":3116,"date":"2024-04-08T11:24:39","date_gmt":"2024-04-08T11:24:39","guid":{"rendered":"https:\/\/www.stage.albagems.ch\/product\/fungo-di-quarzo-rosa-domatore-di-tensioni\/"},"modified":"2025-02-19T11:51:27","modified_gmt":"2025-02-19T11:51:27","slug":"fungo-di-quarzo-rosa-domatore-di-tensioni","status":"publish","type":"product","link":"https:\/\/www.stage.albagems.ch\/it\/product\/fungo-di-quarzo-rosa-domatore-di-tensioni\/","title":{"rendered":"Fungo di quarzo rosa | Domatore di tensioni"},"content":{"rendered":"<p>Tonificare e sciogliere le tensioni muscolari di spalle, collo e viso \u00e8 l&#8217;obiettivo del fungo domatore di tensioni al quarzo rosa.<\/p>\n<p>1 fungo \u00e8 sufficiente per la cura di s\u00e9, mentre 2 pezzi sono consigliati per l&#8217;uso professionale quando si lavora con i clienti o se si desidera riscaldarli, in modo da poterli alternare quando si raffreddano.<\/p>\n<p>Il quarzo rosa ci sostiene mentre ci prendiamo cura di noi stessi. \u00c8 collegato al chakra del cuore e ha una forte &#8220;connotazione emotiva&#8221;. Come spesso accade, quando alleggeriamo la tensione (fisica ed emotiva) e aumentiamo la microcircolazione, si crea una reazione a catena che ossigena la pelle e aumenta l&#8217;attivit\u00e0 delle cellule per creare una luminosit\u00e0 sana e dare ai tessuti la libert\u00e0 di respirare e funzionare meglio.  <\/p>\n<p>Inoltre, aiuta a stimolare il flusso linfatico per purificare il tessuto, che a sua volta aumenta la produzione di collagene ed elastina e l&#8217;avvio di un&#8217;intensa attivit\u00e0 cellulare per rinnovare e ringiovanire la pelle.<\/p>\n","protected":false},"excerpt":{"rendered":"<p>Tonificare e sciogliere le tensioni muscolari di spalle, collo e viso \u00e8 l&#8217;obiettivo del fungo domatore di tensioni al quarzo rosa. 1 fungo \u00e8 sufficiente per la cura di s\u00e9, mentre 2 pezzi sono consigliati per l&#8217;uso professionale quando si lavora con i clienti o se si desidera riscaldarli, in modo da poterli alternare quando [&hellip;]<\/p>\n","protected":false},"featured_media":2922,"comment_status":"open","ping_status":"closed","template":"","meta":{"_acf_changed":false},"product_brand":[],"product_cat":[69],"product_tag":[],"class_list":{"0":"post-3116","1":"product","2":"type-product","3":"status-publish","4":"has-post-thumbnail","6":"product_cat-cura-della-pelle","8":"first","9":"instock","10":"taxable","11":"shipping-taxable","12":"purchasable","13":"product-type-simple"},"acf":[],"yoast_head":"<!-- This site is optimized with the Yoast SEO plugin v25.1 - https:\/\/yoast.com\/wordpress\/plugins\/seo\/ -->\n<title>Fungo di quarzo rosa | Domatore di tensioni - Albagems<\/title>\n<meta name=\"robots\" content=\"noindex, follow, max-snippet:-1, max-image-preview:large, max-video-preview:-1\" \/>\n<meta property=\"og:locale\" content=\"it_IT\" \/>\n<meta property=\"og:type\" content=\"article\" \/>\n<meta property=\"og:title\" content=\"Fungo di quarzo rosa | Domatore di tensioni - Albagems\" \/>\n<meta property=\"og:description\" content=\"Tonificare e sciogliere le tensioni muscolari di spalle, collo e viso \u00e8 l&#8217;obiettivo del fungo domatore di tensioni al quarzo rosa. 1 fungo \u00e8 sufficiente per la cura di s\u00e9, mentre 2 pezzi sono consigliati per l&#8217;uso professionale quando si lavora con i clienti o se si desidera riscaldarli, in modo da poterli alternare quando [&hellip;]\" \/>\n<meta property=\"og:url\" content=\"https:\/\/www.stage.albagems.ch\/it\/product\/fungo-di-quarzo-rosa-domatore-di-tensioni\/\" \/>\n<meta property=\"og:site_name\" content=\"Albagems\" \/>\n<meta property=\"article:modified_time\" content=\"2025-02-19T11:51:27+00:00\" \/>\n<meta property=\"og:image\" content=\"https:\/\/www.stage.albagems.ch\/wp-content\/uploads\/2024\/10\/Acquisizione-senza-titolo1169-1.jpg\" \/>\n\t<meta property=\"og:image:width\" content=\"667\" \/>\n\t<meta property=\"og:image:height\" content=\"1000\" \/>\n\t<meta property=\"og:image:type\" content=\"image\/jpeg\" \/>\n<meta name=\"twitter:card\" content=\"summary_large_image\" \/>\n<meta name=\"twitter:label1\" content=\"Tempo di lettura stimato\" \/>\n\t<meta name=\"twitter:data1\" content=\"1 minuto\" \/>\n<script type=\"application\/ld+json\" class=\"yoast-schema-graph\">{\"@context\":\"https:\/\/schema.org\",\"@graph\":[{\"@type\":\"WebPage\",\"@id\":\"https:\/\/www.stage.albagems.ch\/it\/product\/fungo-di-quarzo-rosa-domatore-di-tensioni\/\",\"url\":\"https:\/\/www.stage.albagems.ch\/it\/product\/fungo-di-quarzo-rosa-domatore-di-tensioni\/\",\"name\":\"Fungo di quarzo rosa | Domatore di tensioni - Albagems\",\"isPartOf\":{\"@id\":\"https:\/\/www.stage.albagems.ch\/it\/#website\"},\"primaryImageOfPage\":{\"@id\":\"https:\/\/www.stage.albagems.ch\/it\/product\/fungo-di-quarzo-rosa-domatore-di-tensioni\/#primaryimage\"},\"image\":{\"@id\":\"https:\/\/www.stage.albagems.ch\/it\/product\/fungo-di-quarzo-rosa-domatore-di-tensioni\/#primaryimage\"},\"thumbnailUrl\":\"https:\/\/www.stage.albagems.ch\/wp-content\/uploads\/2024\/10\/Acquisizione-senza-titolo1169-1.jpg\",\"datePublished\":\"2024-04-08T11:24:39+00:00\",\"dateModified\":\"2025-02-19T11:51:27+00:00\",\"breadcrumb\":{\"@id\":\"https:\/\/www.stage.albagems.ch\/it\/product\/fungo-di-quarzo-rosa-domatore-di-tensioni\/#breadcrumb\"},\"inLanguage\":\"it-IT\",\"potentialAction\":[{\"@type\":\"ReadAction\",\"target\":[\"https:\/\/www.stage.albagems.ch\/it\/product\/fungo-di-quarzo-rosa-domatore-di-tensioni\/\"]}]},{\"@type\":\"ImageObject\",\"inLanguage\":\"it-IT\",\"@id\":\"https:\/\/www.stage.albagems.ch\/it\/product\/fungo-di-quarzo-rosa-domatore-di-tensioni\/#primaryimage\",\"url\":\"https:\/\/www.stage.albagems.ch\/wp-content\/uploads\/2024\/10\/Acquisizione-senza-titolo1169-1.jpg\",\"contentUrl\":\"https:\/\/www.stage.albagems.ch\/wp-content\/uploads\/2024\/10\/Acquisizione-senza-titolo1169-1.jpg\",\"width\":667,\"height\":1000},{\"@type\":\"BreadcrumbList\",\"@id\":\"https:\/\/www.stage.albagems.ch\/it\/product\/fungo-di-quarzo-rosa-domatore-di-tensioni\/#breadcrumb\",\"itemListElement\":[{\"@type\":\"ListItem\",\"position\":1,\"name\":\"Casa\",\"item\":\"https:\/\/www.stage.albagems.ch\/it\/\"},{\"@type\":\"ListItem\",\"position\":2,\"name\":\"Negozio\",\"item\":\"https:\/\/www.stage.albagems.ch\/it\/negozio\/\"},{\"@type\":\"ListItem\",\"position\":3,\"name\":\"Fungo di quarzo rosa | Domatore di tensioni\"}]},{\"@type\":\"WebSite\",\"@id\":\"https:\/\/www.stage.albagems.ch\/it\/#website\",\"url\":\"https:\/\/www.stage.albagems.ch\/it\/\",\"name\":\"Albagems\",\"description\":\"\",\"publisher\":{\"@id\":\"https:\/\/www.stage.albagems.ch\/it\/#organization\"},\"potentialAction\":[{\"@type\":\"SearchAction\",\"target\":{\"@type\":\"EntryPoint\",\"urlTemplate\":\"https:\/\/www.stage.albagems.ch\/it\/?s={search_term_string}\"},\"query-input\":{\"@type\":\"PropertyValueSpecification\",\"valueRequired\":true,\"valueName\":\"search_term_string\"}}],\"inLanguage\":\"it-IT\"},{\"@type\":\"Organization\",\"@id\":\"https:\/\/www.stage.albagems.ch\/it\/#organization\",\"name\":\"Albagems\",\"url\":\"https:\/\/www.stage.albagems.ch\/it\/\",\"logo\":{\"@type\":\"ImageObject\",\"inLanguage\":\"it-IT\",\"@id\":\"https:\/\/www.stage.albagems.ch\/it\/#\/schema\/logo\/image\/\",\"url\":\"https:\/\/www.stage.albagems.ch\/wp-content\/uploads\/2023\/08\/logo-albagems-clear.png\",\"contentUrl\":\"https:\/\/www.stage.albagems.ch\/wp-content\/uploads\/2023\/08\/logo-albagems-clear.png\",\"width\":350,\"height\":136,\"caption\":\"Albagems\"},\"image\":{\"@id\":\"https:\/\/www.stage.albagems.ch\/it\/#\/schema\/logo\/image\/\"}}]}<\/script>\n<!-- \/ Yoast SEO plugin. -->","yoast_head_json":{"title":"Fungo di quarzo rosa | Domatore di tensioni - Albagems","robots":{"index":"noindex","follow":"follow","max-snippet":"max-snippet:-1","max-image-preview":"max-image-preview:large","max-video-preview":"max-video-preview:-1"},"og_locale":"it_IT","og_type":"article","og_title":"Fungo di quarzo rosa | Domatore di tensioni - Albagems","og_description":"Tonificare e sciogliere le tensioni muscolari di spalle, collo e viso \u00e8 l&#8217;obiettivo del fungo domatore di tensioni al quarzo rosa. 1 fungo \u00e8 sufficiente per la cura di s\u00e9, mentre 2 pezzi sono consigliati per l&#8217;uso professionale quando si lavora con i clienti o se si desidera riscaldarli, in modo da poterli alternare quando [&hellip;]","og_url":"https:\/\/www.stage.albagems.ch\/it\/product\/fungo-di-quarzo-rosa-domatore-di-tensioni\/","og_site_name":"Albagems","article_modified_time":"2025-02-19T11:51:27+00:00","og_image":[{"width":667,"height":1000,"url":"https:\/\/www.stage.albagems.ch\/wp-content\/uploads\/2024\/10\/Acquisizione-senza-titolo1169-1.jpg","type":"image\/jpeg"}],"twitter_card":"summary_large_image","twitter_misc":{"Tempo di lettura stimato":"1 minuto"},"schema":{"@context":"https:\/\/schema.org","@graph":[{"@type":"WebPage","@id":"https:\/\/www.stage.albagems.ch\/it\/product\/fungo-di-quarzo-rosa-domatore-di-tensioni\/","url":"https:\/\/www.stage.albagems.ch\/it\/product\/fungo-di-quarzo-rosa-domatore-di-tensioni\/","name":"Fungo di quarzo rosa | Domatore di tensioni - Albagems","isPartOf":{"@id":"https:\/\/www.stage.albagems.ch\/it\/#website"},"primaryImageOfPage":{"@id":"https:\/\/www.stage.albagems.ch\/it\/product\/fungo-di-quarzo-rosa-domatore-di-tensioni\/#primaryimage"},"image":{"@id":"https:\/\/www.stage.albagems.ch\/it\/product\/fungo-di-quarzo-rosa-domatore-di-tensioni\/#primaryimage"},"thumbnailUrl":"https:\/\/www.stage.albagems.ch\/wp-content\/uploads\/2024\/10\/Acquisizione-senza-titolo1169-1.jpg","datePublished":"2024-04-08T11:24:39+00:00","dateModified":"2025-02-19T11:51:27+00:00","breadcrumb":{"@id":"https:\/\/www.stage.albagems.ch\/it\/product\/fungo-di-quarzo-rosa-domatore-di-tensioni\/#breadcrumb"},"inLanguage":"it-IT","potentialAction":[{"@type":"ReadAction","target":["https:\/\/www.stage.albagems.ch\/it\/product\/fungo-di-quarzo-rosa-domatore-di-tensioni\/"]}]},{"@type":"ImageObject","inLanguage":"it-IT","@id":"https:\/\/www.stage.albagems.ch\/it\/product\/fungo-di-quarzo-rosa-domatore-di-tensioni\/#primaryimage","url":"https:\/\/www.stage.albagems.ch\/wp-content\/uploads\/2024\/10\/Acquisizione-senza-titolo1169-1.jpg","contentUrl":"https:\/\/www.stage.albagems.ch\/wp-content\/uploads\/2024\/10\/Acquisizione-senza-titolo1169-1.jpg","width":667,"height":1000},{"@type":"BreadcrumbList","@id":"https:\/\/www.stage.albagems.ch\/it\/product\/fungo-di-quarzo-rosa-domatore-di-tensioni\/#breadcrumb","itemListElement":[{"@type":"ListItem","position":1,"name":"Casa","item":"https:\/\/www.stage.albagems.ch\/it\/"},{"@type":"ListItem","position":2,"name":"Negozio","item":"https:\/\/www.stage.albagems.ch\/it\/negozio\/"},{"@type":"ListItem","position":3,"name":"Fungo di quarzo rosa | Domatore di tensioni"}]},{"@type":"WebSite","@id":"https:\/\/www.stage.albagems.ch\/it\/#website","url":"https:\/\/www.stage.albagems.ch\/it\/","name":"Albagems","description":"","publisher":{"@id":"https:\/\/www.stage.albagems.ch\/it\/#organization"},"potentialAction":[{"@type":"SearchAction","target":{"@type":"EntryPoint","urlTemplate":"https:\/\/www.stage.albagems.ch\/it\/?s={search_term_string}"},"query-input":{"@type":"PropertyValueSpecification","valueRequired":true,"valueName":"search_term_string"}}],"inLanguage":"it-IT"},{"@type":"Organization","@id":"https:\/\/www.stage.albagems.ch\/it\/#organization","name":"Albagems","url":"https:\/\/www.stage.albagems.ch\/it\/","logo":{"@type":"ImageObject","inLanguage":"it-IT","@id":"https:\/\/www.stage.albagems.ch\/it\/#\/schema\/logo\/image\/","url":"https:\/\/www.stage.albagems.ch\/wp-content\/uploads\/2023\/08\/logo-albagems-clear.png","contentUrl":"https:\/\/www.stage.albagems.ch\/wp-content\/uploads\/2023\/08\/logo-albagems-clear.png","width":350,"height":136,"caption":"Albagems"},"image":{"@id":"https:\/\/www.stage.albagems.ch\/it\/#\/schema\/logo\/image\/"}}]}},"jetpack_sharing_enabled":true,"_links":{"self":[{"href":"https:\/\/www.stage.albagems.ch\/it\/wp-json\/wp\/v2\/product\/3116","targetHints":{"allow":["GET"]}}],"collection":[{"href":"https:\/\/www.stage.albagems.ch\/it\/wp-json\/wp\/v2\/product"}],"about":[{"href":"https:\/\/www.stage.albagems.ch\/it\/wp-json\/wp\/v2\/types\/product"}],"replies":[{"embeddable":true,"href":"https:\/\/www.stage.albagems.ch\/it\/wp-json\/wp\/v2\/comments?post=3116"}],"wp:featuredmedia":[{"embeddable":true,"href":"https:\/\/www.stage.albagems.ch\/it\/wp-json\/wp\/v2\/media\/2922"}],"wp:attachment":[{"href":"https:\/\/www.stage.albagems.ch\/it\/wp-json\/wp\/v2\/media?parent=3116"}],"wp:term":[{"taxonomy":"product_brand","embeddable":true,"href":"https:\/\/www.stage.albagems.ch\/it\/wp-json\/wp\/v2\/product_brand?post=3116"},{"taxonomy":"product_cat","embeddable":true,"href":"https:\/\/www.stage.albagems.ch\/it\/wp-json\/wp\/v2\/product_cat?post=3116"},{"taxonomy":"product_tag","embeddable":true,"href":"https:\/\/www.stage.albagems.ch\/it\/wp-json\/wp\/v2\/product_tag?post=3116"}],"curies":[{"name":"wp","href":"https:\/\/api.w.org\/{rel}","templated":true}]}}