{"id":3126,"date":"2024-02-09T15:16:15","date_gmt":"2024-02-09T15:16:15","guid":{"rendered":"https:\/\/www.stage.albagems.ch\/product\/quarzo-citrino\/"},"modified":"2024-02-09T15:16:15","modified_gmt":"2024-02-09T15:16:15","slug":"quarzo-citrino","status":"publish","type":"product","link":"https:\/\/www.stage.albagems.ch\/it\/product\/quarzo-citrino\/","title":{"rendered":"Quarzo citrino"},"content":{"rendered":"<p>Cluster di Citrina 100% naturale dalle Alpi svizzere<\/p>\n<p>Questo bellissimo gruppo di quarzo giallo proviene dalla zona di Thusis, nelle Alpi svizzere. Il giallo non deriva dalla stessa impurit\u00e0 che provoca il citrino (la maggior parte del citrino che vedi \u00e8 &#8220;cotto&#8221; per produrre il suo colore, infatti), ma da inclusioni di ematite in questo caso. L&#8217;ematite conferisce ai cristalli di quarzo gemmato un aspetto molto caratteristico per il quarzo svizzero, e questi sono rari. I cristalli sono completi, nitidi e privi di danni.   <\/p>\n<p class=\"\">Si dice che il citrino porti con s\u00e9 l&#8217;energia del sole. Si ritiene che la sua energia vitale sia associata alla ricchezza e viene spesso definita la pietra del successo. Il citrino \u00e8 noto per ridurre la sensibilit\u00e0 alle critiche e ispira la creativit\u00e0 e l&#8217;espressione di s\u00e9. Il significato di questa pietra \u00e8 anche legato alla gioia e all&#8217;ottimismo, che ti danno la motivazione necessaria per raggiungere i tuoi obiettivi.   <\/p>\n<p>&nbsp;<\/p>\n","protected":false},"excerpt":{"rendered":"<p>Cluster di Citrina 100% naturale dalle Alpi svizzere Questo bellissimo gruppo di quarzo giallo proviene dalla zona di Thusis, nelle Alpi svizzere. Il giallo non deriva dalla stessa impurit\u00e0 che provoca il citrino (la maggior parte del citrino che vedi \u00e8 &#8220;cotto&#8221; per produrre il suo colore, infatti), ma da inclusioni di ematite in questo [&hellip;]<\/p>\n","protected":false},"featured_media":2775,"comment_status":"open","ping_status":"closed","template":"","meta":{"_acf_changed":false},"product_brand":[],"product_cat":[80],"product_tag":[],"class_list":{"0":"post-3126","1":"product","2":"type-product","3":"status-publish","4":"has-post-thumbnail","6":"product_cat-cristallo","8":"first","9":"instock","10":"taxable","11":"shipping-taxable","12":"purchasable","13":"product-type-simple"},"acf":[],"yoast_head":"<!-- This site is optimized with the Yoast SEO plugin v25.1 - https:\/\/yoast.com\/wordpress\/plugins\/seo\/ -->\n<title>Quarzo citrino - Albagems<\/title>\n<meta name=\"robots\" content=\"noindex, follow, max-snippet:-1, max-image-preview:large, max-video-preview:-1\" \/>\n<meta property=\"og:locale\" content=\"it_IT\" \/>\n<meta property=\"og:type\" content=\"article\" \/>\n<meta property=\"og:title\" content=\"Quarzo citrino - Albagems\" \/>\n<meta property=\"og:description\" content=\"Cluster di Citrina 100% naturale dalle Alpi svizzere Questo bellissimo gruppo di quarzo giallo proviene dalla zona di Thusis, nelle Alpi svizzere. Il giallo non deriva dalla stessa impurit\u00e0 che provoca il citrino (la maggior parte del citrino che vedi \u00e8 &#8220;cotto&#8221; per produrre il suo colore, infatti), ma da inclusioni di ematite in questo [&hellip;]\" \/>\n<meta property=\"og:url\" content=\"https:\/\/www.stage.albagems.ch\/it\/product\/quarzo-citrino\/\" \/>\n<meta property=\"og:site_name\" content=\"Albagems\" \/>\n<meta name=\"twitter:card\" content=\"summary_large_image\" \/>\n<meta name=\"twitter:label1\" content=\"Tempo di lettura stimato\" \/>\n\t<meta name=\"twitter:data1\" content=\"1 minuto\" \/>\n<script type=\"application\/ld+json\" class=\"yoast-schema-graph\">{\"@context\":\"https:\/\/schema.org\",\"@graph\":[{\"@type\":\"WebPage\",\"@id\":\"https:\/\/www.stage.albagems.ch\/it\/product\/quarzo-citrino\/\",\"url\":\"https:\/\/www.stage.albagems.ch\/it\/product\/quarzo-citrino\/\",\"name\":\"Quarzo citrino - Albagems\",\"isPartOf\":{\"@id\":\"https:\/\/www.stage.albagems.ch\/it\/#website\"},\"primaryImageOfPage\":{\"@id\":\"https:\/\/www.stage.albagems.ch\/it\/product\/quarzo-citrino\/#primaryimage\"},\"image\":{\"@id\":\"https:\/\/www.stage.albagems.ch\/it\/product\/quarzo-citrino\/#primaryimage\"},\"thumbnailUrl\":\"https:\/\/www.stage.albagems.ch\/wp-content\/uploads\/2024\/02\/IMG_0134-scaled.jpg\",\"datePublished\":\"2024-02-09T15:16:15+00:00\",\"breadcrumb\":{\"@id\":\"https:\/\/www.stage.albagems.ch\/it\/product\/quarzo-citrino\/#breadcrumb\"},\"inLanguage\":\"it-IT\",\"potentialAction\":[{\"@type\":\"ReadAction\",\"target\":[\"https:\/\/www.stage.albagems.ch\/it\/product\/quarzo-citrino\/\"]}]},{\"@type\":\"ImageObject\",\"inLanguage\":\"it-IT\",\"@id\":\"https:\/\/www.stage.albagems.ch\/it\/product\/quarzo-citrino\/#primaryimage\",\"url\":\"https:\/\/www.stage.albagems.ch\/wp-content\/uploads\/2024\/02\/IMG_0134-scaled.jpg\",\"contentUrl\":\"https:\/\/www.stage.albagems.ch\/wp-content\/uploads\/2024\/02\/IMG_0134-scaled.jpg\",\"width\":2560,\"height\":1920},{\"@type\":\"BreadcrumbList\",\"@id\":\"https:\/\/www.stage.albagems.ch\/it\/product\/quarzo-citrino\/#breadcrumb\",\"itemListElement\":[{\"@type\":\"ListItem\",\"position\":1,\"name\":\"Casa\",\"item\":\"https:\/\/www.stage.albagems.ch\/it\/\"},{\"@type\":\"ListItem\",\"position\":2,\"name\":\"Negozio\",\"item\":\"https:\/\/www.stage.albagems.ch\/it\/negozio\/\"},{\"@type\":\"ListItem\",\"position\":3,\"name\":\"Quarzo citrino\"}]},{\"@type\":\"WebSite\",\"@id\":\"https:\/\/www.stage.albagems.ch\/it\/#website\",\"url\":\"https:\/\/www.stage.albagems.ch\/it\/\",\"name\":\"Albagems\",\"description\":\"\",\"publisher\":{\"@id\":\"https:\/\/www.stage.albagems.ch\/it\/#organization\"},\"potentialAction\":[{\"@type\":\"SearchAction\",\"target\":{\"@type\":\"EntryPoint\",\"urlTemplate\":\"https:\/\/www.stage.albagems.ch\/it\/?s={search_term_string}\"},\"query-input\":{\"@type\":\"PropertyValueSpecification\",\"valueRequired\":true,\"valueName\":\"search_term_string\"}}],\"inLanguage\":\"it-IT\"},{\"@type\":\"Organization\",\"@id\":\"https:\/\/www.stage.albagems.ch\/it\/#organization\",\"name\":\"Albagems\",\"url\":\"https:\/\/www.stage.albagems.ch\/it\/\",\"logo\":{\"@type\":\"ImageObject\",\"inLanguage\":\"it-IT\",\"@id\":\"https:\/\/www.stage.albagems.ch\/it\/#\/schema\/logo\/image\/\",\"url\":\"https:\/\/www.stage.albagems.ch\/wp-content\/uploads\/2023\/08\/logo-albagems-clear.png\",\"contentUrl\":\"https:\/\/www.stage.albagems.ch\/wp-content\/uploads\/2023\/08\/logo-albagems-clear.png\",\"width\":350,\"height\":136,\"caption\":\"Albagems\"},\"image\":{\"@id\":\"https:\/\/www.stage.albagems.ch\/it\/#\/schema\/logo\/image\/\"}}]}<\/script>\n<!-- \/ Yoast SEO plugin. -->","yoast_head_json":{"title":"Quarzo citrino - Albagems","robots":{"index":"noindex","follow":"follow","max-snippet":"max-snippet:-1","max-image-preview":"max-image-preview:large","max-video-preview":"max-video-preview:-1"},"og_locale":"it_IT","og_type":"article","og_title":"Quarzo citrino - Albagems","og_description":"Cluster di Citrina 100% naturale dalle Alpi svizzere Questo bellissimo gruppo di quarzo giallo proviene dalla zona di Thusis, nelle Alpi svizzere. Il giallo non deriva dalla stessa impurit\u00e0 che provoca il citrino (la maggior parte del citrino che vedi \u00e8 &#8220;cotto&#8221; per produrre il suo colore, infatti), ma da inclusioni di ematite in questo [&hellip;]","og_url":"https:\/\/www.stage.albagems.ch\/it\/product\/quarzo-citrino\/","og_site_name":"Albagems","twitter_card":"summary_large_image","twitter_misc":{"Tempo di lettura stimato":"1 minuto"},"schema":{"@context":"https:\/\/schema.org","@graph":[{"@type":"WebPage","@id":"https:\/\/www.stage.albagems.ch\/it\/product\/quarzo-citrino\/","url":"https:\/\/www.stage.albagems.ch\/it\/product\/quarzo-citrino\/","name":"Quarzo citrino - Albagems","isPartOf":{"@id":"https:\/\/www.stage.albagems.ch\/it\/#website"},"primaryImageOfPage":{"@id":"https:\/\/www.stage.albagems.ch\/it\/product\/quarzo-citrino\/#primaryimage"},"image":{"@id":"https:\/\/www.stage.albagems.ch\/it\/product\/quarzo-citrino\/#primaryimage"},"thumbnailUrl":"https:\/\/www.stage.albagems.ch\/wp-content\/uploads\/2024\/02\/IMG_0134-scaled.jpg","datePublished":"2024-02-09T15:16:15+00:00","breadcrumb":{"@id":"https:\/\/www.stage.albagems.ch\/it\/product\/quarzo-citrino\/#breadcrumb"},"inLanguage":"it-IT","potentialAction":[{"@type":"ReadAction","target":["https:\/\/www.stage.albagems.ch\/it\/product\/quarzo-citrino\/"]}]},{"@type":"ImageObject","inLanguage":"it-IT","@id":"https:\/\/www.stage.albagems.ch\/it\/product\/quarzo-citrino\/#primaryimage","url":"https:\/\/www.stage.albagems.ch\/wp-content\/uploads\/2024\/02\/IMG_0134-scaled.jpg","contentUrl":"https:\/\/www.stage.albagems.ch\/wp-content\/uploads\/2024\/02\/IMG_0134-scaled.jpg","width":2560,"height":1920},{"@type":"BreadcrumbList","@id":"https:\/\/www.stage.albagems.ch\/it\/product\/quarzo-citrino\/#breadcrumb","itemListElement":[{"@type":"ListItem","position":1,"name":"Casa","item":"https:\/\/www.stage.albagems.ch\/it\/"},{"@type":"ListItem","position":2,"name":"Negozio","item":"https:\/\/www.stage.albagems.ch\/it\/negozio\/"},{"@type":"ListItem","position":3,"name":"Quarzo citrino"}]},{"@type":"WebSite","@id":"https:\/\/www.stage.albagems.ch\/it\/#website","url":"https:\/\/www.stage.albagems.ch\/it\/","name":"Albagems","description":"","publisher":{"@id":"https:\/\/www.stage.albagems.ch\/it\/#organization"},"potentialAction":[{"@type":"SearchAction","target":{"@type":"EntryPoint","urlTemplate":"https:\/\/www.stage.albagems.ch\/it\/?s={search_term_string}"},"query-input":{"@type":"PropertyValueSpecification","valueRequired":true,"valueName":"search_term_string"}}],"inLanguage":"it-IT"},{"@type":"Organization","@id":"https:\/\/www.stage.albagems.ch\/it\/#organization","name":"Albagems","url":"https:\/\/www.stage.albagems.ch\/it\/","logo":{"@type":"ImageObject","inLanguage":"it-IT","@id":"https:\/\/www.stage.albagems.ch\/it\/#\/schema\/logo\/image\/","url":"https:\/\/www.stage.albagems.ch\/wp-content\/uploads\/2023\/08\/logo-albagems-clear.png","contentUrl":"https:\/\/www.stage.albagems.ch\/wp-content\/uploads\/2023\/08\/logo-albagems-clear.png","width":350,"height":136,"caption":"Albagems"},"image":{"@id":"https:\/\/www.stage.albagems.ch\/it\/#\/schema\/logo\/image\/"}}]}},"jetpack_sharing_enabled":true,"_links":{"self":[{"href":"https:\/\/www.stage.albagems.ch\/it\/wp-json\/wp\/v2\/product\/3126","targetHints":{"allow":["GET"]}}],"collection":[{"href":"https:\/\/www.stage.albagems.ch\/it\/wp-json\/wp\/v2\/product"}],"about":[{"href":"https:\/\/www.stage.albagems.ch\/it\/wp-json\/wp\/v2\/types\/product"}],"replies":[{"embeddable":true,"href":"https:\/\/www.stage.albagems.ch\/it\/wp-json\/wp\/v2\/comments?post=3126"}],"wp:featuredmedia":[{"embeddable":true,"href":"https:\/\/www.stage.albagems.ch\/it\/wp-json\/wp\/v2\/media\/2775"}],"wp:attachment":[{"href":"https:\/\/www.stage.albagems.ch\/it\/wp-json\/wp\/v2\/media?parent=3126"}],"wp:term":[{"taxonomy":"product_brand","embeddable":true,"href":"https:\/\/www.stage.albagems.ch\/it\/wp-json\/wp\/v2\/product_brand?post=3126"},{"taxonomy":"product_cat","embeddable":true,"href":"https:\/\/www.stage.albagems.ch\/it\/wp-json\/wp\/v2\/product_cat?post=3126"},{"taxonomy":"product_tag","embeddable":true,"href":"https:\/\/www.stage.albagems.ch\/it\/wp-json\/wp\/v2\/product_tag?post=3126"}],"curies":[{"name":"wp","href":"https:\/\/api.w.org\/{rel}","templated":true}]}}